{"id":14908,"date":"2024-09-27T15:32:11","date_gmt":"2024-09-27T18:32:11","guid":{"rendered":"https:\/\/emblemax.com.br\/produto\/espacador-para-rodas-pick-up-5-furos-2-pcs\/"},"modified":"2026-01-12T14:11:50","modified_gmt":"2026-01-12T17:11:50","slug":"espacador-para-rodas-pick-up-5-furos-2-pcs","status":"publish","type":"product","link":"https:\/\/emblemax.com.br\/en\/produto\/espacador-para-rodas-pick-up-5-furos-2-pcs\/","title":{"rendered":"ESPA\u00c7ADOR PARA RODAS PICK-UP 5 FUROS (2 P\u00c7S)"},"content":{"rendered":"<p>O espa\u00e7ador para rodas \u00e9 um acess\u00f3rio essencial para quem deseja melhorar a estabilidade e o desempenho do seu ve\u00edculo.<\/p>\n","protected":false},"excerpt":{"rendered":"<p>Espa\u00e7ador\/Alargador de Rodas<br \/>\nEspessura: 8 mm<br \/>\nDi\u00e2metro Externo: 17,6 mm<br \/>\nDi\u00e2metro Interno: 10,9 mm<br \/>\nCompatibilidade: Rodas com 5 furos<\/p>\n","protected":false},"featured_media":14992,"comment_status":"open","ping_status":"closed","template":"","meta":[],"product_cat":[661],"product_tag":[],"class_list":{"0":"post-14908","1":"product","2":"type-product","3":"status-publish","4":"has-post-thumbnail","6":"product_cat-espacadores","8":"first","9":"instock","10":"taxable","11":"shipping-taxable","12":"purchasable","13":"product-type-simple"},"_links":{"self":[{"href":"https:\/\/emblemax.com.br\/en\/wp-json\/wp\/v2\/product\/14908","targetHints":{"allow":["GET"]}}],"collection":[{"href":"https:\/\/emblemax.com.br\/en\/wp-json\/wp\/v2\/product"}],"about":[{"href":"https:\/\/emblemax.com.br\/en\/wp-json\/wp\/v2\/types\/product"}],"replies":[{"embeddable":true,"href":"https:\/\/emblemax.com.br\/en\/wp-json\/wp\/v2\/comments?post=14908"}],"wp:featuredmedia":[{"embeddable":true,"href":"https:\/\/emblemax.com.br\/en\/wp-json\/wp\/v2\/media\/14992"}],"wp:attachment":[{"href":"https:\/\/emblemax.com.br\/en\/wp-json\/wp\/v2\/media?parent=14908"}],"wp:term":[{"taxonomy":"product_cat","embeddable":true,"href":"https:\/\/emblemax.com.br\/en\/wp-json\/wp\/v2\/product_cat?post=14908"},{"taxonomy":"product_tag","embeddable":true,"href":"https:\/\/emblemax.com.br\/en\/wp-json\/wp\/v2\/product_tag?post=14908"}],"curies":[{"name":"wp","href":"https:\/\/api.w.org\/{rel}","templated":true}]}}