{"id":14915,"date":"2024-09-27T15:39:37","date_gmt":"2024-09-27T18:39:37","guid":{"rendered":"https:\/\/emblemax.com.br\/produto\/espacador-para-rodas-peugeot-2-pcs\/"},"modified":"2025-12-18T10:39:21","modified_gmt":"2025-12-18T13:39:21","slug":"espacador-para-rodas-peugeot-2-pcs","status":"publish","type":"product","link":"https:\/\/emblemax.com.br\/en\/produto\/espacador-para-rodas-peugeot-2-pcs\/","title":{"rendered":"ESPA\u00c7ADOR PARA RODAS PEUGEOT (2 P\u00c7S)"},"content":{"rendered":"<div>\n<div>\n<div>\n<p>Serve Para Todas as Rodas Com as Fura\u00e7\u00f5es 4&#215;108<br \/>\n<span style=\"font-size: 14.4px\">Observa\u00e7\u00e3o: Rodas Esportivas ou Maiores Polegadas<br \/>\n<\/span><span style=\"font-size: 14.4px\">Aplica\u00e7\u00e3o: Uso EXCLUSIVO para Linha Peugeot<\/span><\/p>\n<\/div>\n<\/div>\n<\/div>\n<p>O espa\u00e7ador para rodas \u00e9 um acess\u00f3rio essencial para quem deseja melhorar a estabilidade e o desempenho do seu ve\u00edculo.<\/p>\n","protected":false},"excerpt":{"rendered":"<div>\n<div>\n<p>Dimens\u00f5es:<br \/>\n<span style=\"font-size: 14.4px\">Di\u00e2metro Do Anel: 65,1mm<br \/>\n<\/span><span style=\"font-size: 14.4px\">Di\u00e2metro Externo: 134mm<br \/>\n<\/span><span style=\"font-size: 14.4px\">Fura\u00e7\u00e3o Do Parafuso: 12mm<br \/>\n<\/span><span style=\"font-size: 14.4px\">Espessura Do Anel: 6mm<br \/>\nEspessura: 13mm<\/span><\/p>\n<\/div>\n<\/div>\n","protected":false},"featured_media":28736,"comment_status":"open","ping_status":"closed","template":"","meta":[],"product_cat":[661],"product_tag":[],"class_list":{"0":"post-14915","1":"product","2":"type-product","3":"status-publish","4":"has-post-thumbnail","6":"product_cat-espacadores","8":"first","9":"instock","10":"taxable","11":"shipping-taxable","12":"purchasable","13":"product-type-simple"},"_links":{"self":[{"href":"https:\/\/emblemax.com.br\/en\/wp-json\/wp\/v2\/product\/14915","targetHints":{"allow":["GET"]}}],"collection":[{"href":"https:\/\/emblemax.com.br\/en\/wp-json\/wp\/v2\/product"}],"about":[{"href":"https:\/\/emblemax.com.br\/en\/wp-json\/wp\/v2\/types\/product"}],"replies":[{"embeddable":true,"href":"https:\/\/emblemax.com.br\/en\/wp-json\/wp\/v2\/comments?post=14915"}],"wp:featuredmedia":[{"embeddable":true,"href":"https:\/\/emblemax.com.br\/en\/wp-json\/wp\/v2\/media\/28736"}],"wp:attachment":[{"href":"https:\/\/emblemax.com.br\/en\/wp-json\/wp\/v2\/media?parent=14915"}],"wp:term":[{"taxonomy":"product_cat","embeddable":true,"href":"https:\/\/emblemax.com.br\/en\/wp-json\/wp\/v2\/product_cat?post=14915"},{"taxonomy":"product_tag","embeddable":true,"href":"https:\/\/emblemax.com.br\/en\/wp-json\/wp\/v2\/product_tag?post=14915"}],"curies":[{"name":"wp","href":"https:\/\/api.w.org\/{rel}","templated":true}]}}