{"id":14929,"date":"2024-09-27T15:51:38","date_gmt":"2024-09-27T18:51:38","guid":{"rendered":"https:\/\/emblemax.com.br\/produto\/espacador-para-rodas-furacao-5x100-112-2-pcs\/"},"modified":"2026-04-01T15:24:25","modified_gmt":"2026-04-01T18:24:25","slug":"espacador-para-rodas-furacao-5x100-112-2-pcs","status":"publish","type":"product","link":"https:\/\/emblemax.com.br\/en\/produto\/espacador-para-rodas-furacao-5x100-112-2-pcs\/","title":{"rendered":"ESPA\u00c7ADOR PARA RODAS FURA\u00c7\u00c3O 5X100\/112 (2 P\u00c7S)"},"content":{"rendered":"<p>O espa\u00e7ador para rodas \u00e9 um acess\u00f3rio essencial para quem deseja melhorar a estabilidade e o desempenho do seu ve\u00edculo.<\/p>\n","protected":false},"excerpt":{"rendered":"<p>Especifica\u00e7\u00f5es do Produto<\/p>\n<p>Espessura: 5mm<br \/>\nDi\u00e2metro interno:75mm<br \/>\nDi\u00e2metro externo: 135mm<br \/>\nMedidas das fura\u00e7\u00f5es que Serve: 5&#215;100 \/ 5&#215;112<br \/>\nKit composto de de 2 pe\u00e7as.<br \/>\n(Espec\u00edfico Para Rodas 5 Furos)<\/p>\n","protected":false},"featured_media":15031,"comment_status":"open","ping_status":"closed","template":"","meta":[],"product_cat":[661],"product_tag":[],"class_list":{"0":"post-14929","1":"product","2":"type-product","3":"status-publish","4":"has-post-thumbnail","6":"product_cat-espacadores","8":"first","9":"instock","10":"taxable","11":"shipping-taxable","12":"purchasable","13":"product-type-simple"},"_links":{"self":[{"href":"https:\/\/emblemax.com.br\/en\/wp-json\/wp\/v2\/product\/14929","targetHints":{"allow":["GET"]}}],"collection":[{"href":"https:\/\/emblemax.com.br\/en\/wp-json\/wp\/v2\/product"}],"about":[{"href":"https:\/\/emblemax.com.br\/en\/wp-json\/wp\/v2\/types\/product"}],"replies":[{"embeddable":true,"href":"https:\/\/emblemax.com.br\/en\/wp-json\/wp\/v2\/comments?post=14929"}],"wp:featuredmedia":[{"embeddable":true,"href":"https:\/\/emblemax.com.br\/en\/wp-json\/wp\/v2\/media\/15031"}],"wp:attachment":[{"href":"https:\/\/emblemax.com.br\/en\/wp-json\/wp\/v2\/media?parent=14929"}],"wp:term":[{"taxonomy":"product_cat","embeddable":true,"href":"https:\/\/emblemax.com.br\/en\/wp-json\/wp\/v2\/product_cat?post=14929"},{"taxonomy":"product_tag","embeddable":true,"href":"https:\/\/emblemax.com.br\/en\/wp-json\/wp\/v2\/product_tag?post=14929"}],"curies":[{"name":"wp","href":"https:\/\/api.w.org\/{rel}","templated":true}]}}