{"id":15073,"date":"2024-09-30T17:32:04","date_gmt":"2024-09-30T20:32:04","guid":{"rendered":"https:\/\/emblemax.com.br\/produto\/dificultador-de-roubo-chave-17-19-1un\/"},"modified":"2025-12-10T10:59:53","modified_gmt":"2025-12-10T13:59:53","slug":"dificultador-de-roubo-chave-17-19-1un","status":"publish","type":"product","link":"https:\/\/emblemax.com.br\/en\/produto\/dificultador-de-roubo-chave-17-19-1un\/","title":{"rendered":"DIFICULTADOR DE ROUBO CHAVE 17\/19 (1UN)"},"content":{"rendered":"<p class=\"MsoNormal\">Proteja suas rodas com estilo: a Chave Adaptadora 21mm une seguran\u00e7a e design, oferecendo uma solu\u00e7\u00e3o eficaz contra o roubo de rodas, sem comprometer a est\u00e9tica do seu ve\u00edculo.<\/p>\n","protected":false},"excerpt":{"rendered":"<p class=\"MsoNormal\">\u2013 Material<strong>\u00a0Resistente:<\/strong>\u00a0Fabricado em a\u00e7o de alta resist\u00eancia, garantindo durabilidade e seguran\u00e7a.<\/p>\n<p class=\"MsoNormal\">\u2013 Tamanho<strong>\u00a0da Chave:\u00a0<\/strong>Chave 17\/19<\/p>\n<p class=\"MsoNormal\">\u2013 Seguran\u00e7a<strong>\u00a0Aumentada:<\/strong>\u00a0A chave de seguran\u00e7a dificultam a remo\u00e7\u00e3o n\u00e3o autorizada das rodas, reduzindo o risco de roubo.<\/p>\n<p class=\"MsoNormal\">\u2013 Estilo<strong>\u00a0e Prote\u00e7\u00e3o:<\/strong>\u00a0Al\u00e9m de garantir a seguran\u00e7a, o dificultador ainda contribui para a est\u00e9tica do seu ve\u00edculo.<\/p>\n","protected":false},"featured_media":21449,"comment_status":"open","ping_status":"closed","template":"","meta":[],"product_cat":[728],"product_tag":[],"class_list":{"0":"post-15073","1":"product","2":"type-product","3":"status-publish","4":"has-post-thumbnail","6":"product_cat-dificultador-de-roubo-2","8":"first","9":"outofstock","10":"taxable","11":"shipping-taxable","12":"purchasable","13":"product-type-simple"},"_links":{"self":[{"href":"https:\/\/emblemax.com.br\/en\/wp-json\/wp\/v2\/product\/15073","targetHints":{"allow":["GET"]}}],"collection":[{"href":"https:\/\/emblemax.com.br\/en\/wp-json\/wp\/v2\/product"}],"about":[{"href":"https:\/\/emblemax.com.br\/en\/wp-json\/wp\/v2\/types\/product"}],"replies":[{"embeddable":true,"href":"https:\/\/emblemax.com.br\/en\/wp-json\/wp\/v2\/comments?post=15073"}],"wp:featuredmedia":[{"embeddable":true,"href":"https:\/\/emblemax.com.br\/en\/wp-json\/wp\/v2\/media\/21449"}],"wp:attachment":[{"href":"https:\/\/emblemax.com.br\/en\/wp-json\/wp\/v2\/media?parent=15073"}],"wp:term":[{"taxonomy":"product_cat","embeddable":true,"href":"https:\/\/emblemax.com.br\/en\/wp-json\/wp\/v2\/product_cat?post=15073"},{"taxonomy":"product_tag","embeddable":true,"href":"https:\/\/emblemax.com.br\/en\/wp-json\/wp\/v2\/product_tag?post=15073"}],"curies":[{"name":"wp","href":"https:\/\/api.w.org\/{rel}","templated":true}]}}