{"id":19858,"date":"2024-11-22T12:26:32","date_gmt":"2024-11-22T15:26:32","guid":{"rendered":"https:\/\/emblemax.com.br\/produto\/porca-cromada-kia-bst-esqr-drt-ch19-m12x15-24-pcs\/"},"modified":"2026-04-10T08:55:13","modified_gmt":"2026-04-10T11:55:13","slug":"porca-cromada-kia-bst-esqr-drt-ch19-m12x15-24-pcs","status":"publish","type":"product","link":"https:\/\/emblemax.com.br\/en\/produto\/porca-cromada-kia-bst-esqr-drt-ch19-m12x15-24-pcs\/","title":{"rendered":"PORCA CROMADA PARA RODA KIA\/TOPIC E TOWNER CH19 (24 P\u00c7S)"},"content":{"rendered":"<p>Eleve a seguran\u00e7a do seu ve\u00edculo com nossas porcas de alta qualidade, projetadas para garantir um encaixe perfeito e duradouro, mantendo suas rodas firmes e est\u00e1veis em todas as estradas.<\/p>\n","protected":false},"excerpt":{"rendered":"<p><strong>Especifica\u00e7\u00f5es do Produto:<\/strong><\/p>\n<p><strong>Bitola:<\/strong> M12<strong>Rosca:<\/strong> 1,5<br \/>\n<strong>Comprimento Total:<\/strong> 35 mm<br \/>\n<strong>Comprimento da Rosca:<\/strong> 30 mm<br \/>\n<strong>Chave:<\/strong> 19<br \/>\n<strong>Acabamento:<\/strong> Cromado<br \/>\n<strong>Quantidade no Jogo:<\/strong> 24 pe\u00e7as<br \/>\n<strong>Aplica\u00e7\u00e3o:<\/strong>\u00a0KIA\/TOPIC E TOWNER<\/p>\n<p><strong>Aten\u00e7\u00e3o:<\/strong> <strong>O jogo de porcas n\u00e3o acompanha a chave!<\/strong><\/p>\n","protected":false},"featured_media":24977,"comment_status":"open","ping_status":"closed","template":"","meta":[],"product_cat":[714,717],"product_tag":[],"class_list":{"0":"post-19858","1":"product","2":"type-product","3":"status-publish","4":"has-post-thumbnail","6":"product_cat-porcas","7":"product_cat-porcas-cromadas","9":"first","10":"instock","11":"taxable","12":"shipping-taxable","13":"purchasable","14":"product-type-simple"},"_links":{"self":[{"href":"https:\/\/emblemax.com.br\/en\/wp-json\/wp\/v2\/product\/19858","targetHints":{"allow":["GET"]}}],"collection":[{"href":"https:\/\/emblemax.com.br\/en\/wp-json\/wp\/v2\/product"}],"about":[{"href":"https:\/\/emblemax.com.br\/en\/wp-json\/wp\/v2\/types\/product"}],"replies":[{"embeddable":true,"href":"https:\/\/emblemax.com.br\/en\/wp-json\/wp\/v2\/comments?post=19858"}],"wp:featuredmedia":[{"embeddable":true,"href":"https:\/\/emblemax.com.br\/en\/wp-json\/wp\/v2\/media\/24977"}],"wp:attachment":[{"href":"https:\/\/emblemax.com.br\/en\/wp-json\/wp\/v2\/media?parent=19858"}],"wp:term":[{"taxonomy":"product_cat","embeddable":true,"href":"https:\/\/emblemax.com.br\/en\/wp-json\/wp\/v2\/product_cat?post=19858"},{"taxonomy":"product_tag","embeddable":true,"href":"https:\/\/emblemax.com.br\/en\/wp-json\/wp\/v2\/product_tag?post=19858"}],"curies":[{"name":"wp","href":"https:\/\/api.w.org\/{rel}","templated":true}]}}