{"id":19878,"date":"2024-11-22T12:26:53","date_gmt":"2024-11-22T15:26:53","guid":{"rendered":"https:\/\/emblemax.com.br\/produto\/porca-cromada-gm-pick-up-c10-ch19-7-16x20unf-24-pcs\/"},"modified":"2025-01-21T15:52:41","modified_gmt":"2025-01-21T18:52:41","slug":"porca-cromada-gm-pick-up-c10-ch19-7-16x20unf-24-pcs","status":"publish","type":"product","link":"https:\/\/emblemax.com.br\/en\/produto\/porca-cromada-gm-pick-up-c10-ch19-7-16x20unf-24-pcs\/","title":{"rendered":"PORCA CROMADA PARA RODA GM\/PICK-UP C10 (24 P\u00c7S)"},"content":{"rendered":"<p>Eleve a seguran\u00e7a do seu ve\u00edculo com nossas porcas de alta qualidade, projetadas para garantir um encaixe perfeito e duradouro, mantendo suas rodas firmes e est\u00e1veis em todas as estradas.<\/p>\n","protected":false},"excerpt":{"rendered":"<p><strong>Especifica\u00e7\u00f5es do Produto:<\/strong><\/p>\n<p>\u00a0<\/p>\n<p><strong>Bitola:<\/strong> 7\/16<br \/><strong>Rosca:<\/strong> 20 UNF<br \/><strong>Comprimento Total:<\/strong> 35 mm<br \/><strong>Comprimento da Rosca:<\/strong> 30 mm<br \/><strong>Chave:<\/strong> 19<br \/><strong>Acabamento:<\/strong> Cromado<br \/><strong>Quantidade no Jogo:<\/strong> 24 pe\u00e7as<\/p>\n<p><strong>Aplica\u00e7\u00e3o<\/strong>:\u00a0GM\/PICK-UP C10\u00a0<\/p>\n<p>\u00a0<\/p>\n<p><strong>Aten\u00e7\u00e3o:<\/strong> <strong>O jogo de porcas n\u00e3o acompanha a chave!<\/strong><\/p>\n","protected":false},"featured_media":24664,"comment_status":"open","ping_status":"closed","template":"","meta":[],"product_cat":[714,717],"product_tag":[],"class_list":{"0":"post-19878","1":"product","2":"type-product","3":"status-publish","4":"has-post-thumbnail","6":"product_cat-porcas","7":"product_cat-porcas-cromadas","9":"first","10":"instock","11":"taxable","12":"shipping-taxable","13":"purchasable","14":"product-type-simple"},"_links":{"self":[{"href":"https:\/\/emblemax.com.br\/en\/wp-json\/wp\/v2\/product\/19878","targetHints":{"allow":["GET"]}}],"collection":[{"href":"https:\/\/emblemax.com.br\/en\/wp-json\/wp\/v2\/product"}],"about":[{"href":"https:\/\/emblemax.com.br\/en\/wp-json\/wp\/v2\/types\/product"}],"replies":[{"embeddable":true,"href":"https:\/\/emblemax.com.br\/en\/wp-json\/wp\/v2\/comments?post=19878"}],"wp:featuredmedia":[{"embeddable":true,"href":"https:\/\/emblemax.com.br\/en\/wp-json\/wp\/v2\/media\/24664"}],"wp:attachment":[{"href":"https:\/\/emblemax.com.br\/en\/wp-json\/wp\/v2\/media?parent=19878"}],"wp:term":[{"taxonomy":"product_cat","embeddable":true,"href":"https:\/\/emblemax.com.br\/en\/wp-json\/wp\/v2\/product_cat?post=19878"},{"taxonomy":"product_tag","embeddable":true,"href":"https:\/\/emblemax.com.br\/en\/wp-json\/wp\/v2\/product_tag?post=19878"}],"curies":[{"name":"wp","href":"https:\/\/api.w.org\/{rel}","templated":true}]}}