{"id":19922,"date":"2024-11-22T12:27:40","date_gmt":"2024-11-22T15:27:40","guid":{"rendered":"https:\/\/emblemax.com.br\/produto\/porca-cromada-c-arruela-conica-fd-szk-sb-m12x125-12-pcs\/"},"modified":"2025-12-03T14:48:17","modified_gmt":"2025-12-03T17:48:17","slug":"porca-cromada-c-arruela-conica-fd-szk-sb-m12x125-12-pcs","status":"publish","type":"product","link":"https:\/\/emblemax.com.br\/en\/produto\/porca-cromada-c-arruela-conica-fd-szk-sb-m12x125-12-pcs\/","title":{"rendered":"PORCA CROMADA C\u00d4NICA PARA RODA FD\/SZK\/SB M12X1,25 (12 P\u00c7S)"},"content":{"rendered":"<p>Eleve a seguran\u00e7a do seu ve\u00edculo com nossas porcas de alta qualidade, projetadas para garantir um encaixe perfeito e duradouro, mantendo suas rodas firmes e est\u00e1veis em todas as estradas.<\/p>\n","protected":false},"excerpt":{"rendered":"<p><strong>Especifica\u00e7\u00f5es do Produto:<\/strong><\/p>\n<p>\u00a0<\/p>\n<p><strong>Bitola:<\/strong> M12<br \/><strong>Rosca:<\/strong> 1,25 mm<br \/><strong>Comprimento total:<\/strong> 32 mm<br \/><strong>Comprimento da rosca:<\/strong> 27 mm<br \/><strong>Chave:<\/strong> 19 mm<br \/><strong>Acabamento:<\/strong> Cromado<br \/><strong>Quantidade no jogo:<\/strong> 12 pe\u00e7as<br \/><strong>Aplica\u00e7\u00e3o<\/strong>:\u00a0Ford\/Suzuki\/Subaru<\/p>\n<p>\u00a0<\/p>\n<p><strong>Aten\u00e7\u00e3o:<\/strong> O jogo de porcas n\u00e3o acompanha a chave!<\/p>\n","protected":false},"featured_media":24796,"comment_status":"open","ping_status":"closed","template":"","meta":[],"product_cat":[722,717],"product_tag":[],"class_list":{"0":"post-19922","1":"product","2":"type-product","3":"status-publish","4":"has-post-thumbnail","6":"product_cat-parafusos-black","7":"product_cat-porcas-cromadas","9":"first","10":"instock","11":"taxable","12":"shipping-taxable","13":"purchasable","14":"product-type-simple"},"_links":{"self":[{"href":"https:\/\/emblemax.com.br\/en\/wp-json\/wp\/v2\/product\/19922","targetHints":{"allow":["GET"]}}],"collection":[{"href":"https:\/\/emblemax.com.br\/en\/wp-json\/wp\/v2\/product"}],"about":[{"href":"https:\/\/emblemax.com.br\/en\/wp-json\/wp\/v2\/types\/product"}],"replies":[{"embeddable":true,"href":"https:\/\/emblemax.com.br\/en\/wp-json\/wp\/v2\/comments?post=19922"}],"wp:featuredmedia":[{"embeddable":true,"href":"https:\/\/emblemax.com.br\/en\/wp-json\/wp\/v2\/media\/24796"}],"wp:attachment":[{"href":"https:\/\/emblemax.com.br\/en\/wp-json\/wp\/v2\/media?parent=19922"}],"wp:term":[{"taxonomy":"product_cat","embeddable":true,"href":"https:\/\/emblemax.com.br\/en\/wp-json\/wp\/v2\/product_cat?post=19922"},{"taxonomy":"product_tag","embeddable":true,"href":"https:\/\/emblemax.com.br\/en\/wp-json\/wp\/v2\/product_tag?post=19922"}],"curies":[{"name":"wp","href":"https:\/\/api.w.org\/{rel}","templated":true}]}}