{"id":19958,"date":"2024-11-22T12:28:17","date_gmt":"2024-11-22T15:28:17","guid":{"rendered":"https:\/\/emblemax.com.br\/produto\/porca-black-ty-gm-hy-kia-mts-hb20-ch21-m12x15-16-pcs\/"},"modified":"2026-01-22T11:30:16","modified_gmt":"2026-01-22T14:30:16","slug":"porca-black-ty-gm-hy-kia-mts-hb20-ch21-m12x15-16-pcs","status":"publish","type":"product","link":"https:\/\/emblemax.com.br\/en\/produto\/porca-black-ty-gm-hy-kia-mts-hb20-ch21-m12x15-16-pcs\/","title":{"rendered":"PORCA PARA RODA BLACK CH21 M12X1,5 (16 P\u00c7S)"},"content":{"rendered":"<p>Eleve a seguran\u00e7a do seu ve\u00edculo com nossas porcas de alta qualidade, projetadas para garantir um encaixe perfeito e duradouro, mantendo suas rodas firmes e est\u00e1veis em todas as estradas.<\/p>\n","protected":false},"excerpt":{"rendered":"<p>Bitola: M12<\/p>\n<p>Rosca: 1,50mm<\/p>\n<p>Comprimento total: 36mm<\/p>\n<p>Comprimento da rosca: 31mm<\/p>\n<p>Chave: 21mm<\/p>\n<p>Acabamento: black<\/p>\n<p>Jogo: 16 pe\u00e7as<\/p>\n<p>Aplica\u00e7\u00e3o: Toyota &#8211; GM &#8211; Hy &#8211; Kia &#8211; Mts &#8211; Hb20<\/p>\n<p>&#8211; Antes de clicar em comprar verificar a fura\u00e7\u00e3o da roda.<\/p>\n","protected":false},"featured_media":23430,"comment_status":"open","ping_status":"closed","template":"","meta":[],"product_cat":[714,715],"product_tag":[],"class_list":{"0":"post-19958","1":"product","2":"type-product","3":"status-publish","4":"has-post-thumbnail","6":"product_cat-porcas","7":"product_cat-porcas-black","9":"first","10":"outofstock","11":"taxable","12":"shipping-taxable","13":"purchasable","14":"product-type-simple"},"_links":{"self":[{"href":"https:\/\/emblemax.com.br\/en\/wp-json\/wp\/v2\/product\/19958","targetHints":{"allow":["GET"]}}],"collection":[{"href":"https:\/\/emblemax.com.br\/en\/wp-json\/wp\/v2\/product"}],"about":[{"href":"https:\/\/emblemax.com.br\/en\/wp-json\/wp\/v2\/types\/product"}],"replies":[{"embeddable":true,"href":"https:\/\/emblemax.com.br\/en\/wp-json\/wp\/v2\/comments?post=19958"}],"wp:featuredmedia":[{"embeddable":true,"href":"https:\/\/emblemax.com.br\/en\/wp-json\/wp\/v2\/media\/23430"}],"wp:attachment":[{"href":"https:\/\/emblemax.com.br\/en\/wp-json\/wp\/v2\/media?parent=19958"}],"wp:term":[{"taxonomy":"product_cat","embeddable":true,"href":"https:\/\/emblemax.com.br\/en\/wp-json\/wp\/v2\/product_cat?post=19958"},{"taxonomy":"product_tag","embeddable":true,"href":"https:\/\/emblemax.com.br\/en\/wp-json\/wp\/v2\/product_tag?post=19958"}],"curies":[{"name":"wp","href":"https:\/\/api.w.org\/{rel}","templated":true}]}}