{"id":20647,"date":"2024-11-25T15:21:50","date_gmt":"2024-11-25T18:21:50","guid":{"rendered":"https:\/\/emblemax.com.br\/produto\/prisioneiro-dianteira-e-traseira-gm-onix-cobalt-sonic-4pcs\/"},"modified":"2025-04-10T15:08:35","modified_gmt":"2025-04-10T18:08:35","slug":"prisioneiro-dianteira-e-traseira-gm-onix-cobalt-sonic-4pcs","status":"publish","type":"product","link":"https:\/\/emblemax.com.br\/en\/produto\/prisioneiro-dianteira-e-traseira-gm-onix-cobalt-sonic-4pcs\/","title":{"rendered":"PRISIONEIRO DIANTEIRA E TRASEIRA GM\/ONIX\/COBALT\/SONIC (4P\u00c7S)"},"content":{"rendered":"<p>Prisioneiro para roda de carro, fixa\u00e7\u00e3o segura e dur\u00e1vel, essencial para a estabilidade do ve\u00edculo.<\/p>\n","protected":false},"excerpt":{"rendered":"<p>Bitola: M12<br \/>\nRosca: 1,50mm<br \/>\nComprimento Total: 56,5mm<br \/>\nComprimento Rosca: 40mm<br \/>\nAcabamento: Zincado<br \/>\nJogo: 4 pe\u00e7as<\/p>\n<p>Aplica\u00e7\u00e3o: Dianteira e Traseira &#8211; Chevrolet \/ Onix \/ Colbalt \/ Sonic<br \/>\n&#8211; Aveo (Roda Dianteira \/ Front Wheel)<br \/>\n&#8211; Captiva (Ano: 2008)<br \/>\n&#8211; Cobalt (Ano: 2011)<br \/>\n&#8211; Cruze (Roda Dianteira \/ Front Wheel, Ano: 2011)<br \/>\n&#8211; Onix (Roda Dianteira \/ Front Wheel, Ano: 2012)<br \/>\n&#8211; Prisma (Roda Dianteira \/ Front Wheel, Ano: 2013)<br \/>\n&#8211; S10 (Roda Traseira \/ Rear Wheel, Ano: 2012)<br \/>\n&#8211; Sonic (Roda Dianteira \/ Front Wheel, Ano: 2012)<br \/>\n&#8211; Spin (Ano: 2012)<br \/>\n&#8211; Tracker (Roda Dianteira \/ Front Wheel, Ano: 2013)<\/p>\n","protected":false},"featured_media":25654,"comment_status":"open","ping_status":"closed","template":"","meta":[],"product_cat":[680],"product_tag":[],"class_list":{"0":"post-20647","1":"product","2":"type-product","3":"status-publish","4":"has-post-thumbnail","6":"product_cat-prisioneiro","8":"first","9":"instock","10":"taxable","11":"shipping-taxable","12":"purchasable","13":"product-type-simple"},"_links":{"self":[{"href":"https:\/\/emblemax.com.br\/en\/wp-json\/wp\/v2\/product\/20647","targetHints":{"allow":["GET"]}}],"collection":[{"href":"https:\/\/emblemax.com.br\/en\/wp-json\/wp\/v2\/product"}],"about":[{"href":"https:\/\/emblemax.com.br\/en\/wp-json\/wp\/v2\/types\/product"}],"replies":[{"embeddable":true,"href":"https:\/\/emblemax.com.br\/en\/wp-json\/wp\/v2\/comments?post=20647"}],"wp:featuredmedia":[{"embeddable":true,"href":"https:\/\/emblemax.com.br\/en\/wp-json\/wp\/v2\/media\/25654"}],"wp:attachment":[{"href":"https:\/\/emblemax.com.br\/en\/wp-json\/wp\/v2\/media?parent=20647"}],"wp:term":[{"taxonomy":"product_cat","embeddable":true,"href":"https:\/\/emblemax.com.br\/en\/wp-json\/wp\/v2\/product_cat?post=20647"},{"taxonomy":"product_tag","embeddable":true,"href":"https:\/\/emblemax.com.br\/en\/wp-json\/wp\/v2\/product_tag?post=20647"}],"curies":[{"name":"wp","href":"https:\/\/api.w.org\/{rel}","templated":true}]}}