{"id":20777,"date":"2024-11-25T15:23:45","date_gmt":"2024-11-25T18:23:45","guid":{"rendered":"https:\/\/emblemax.com.br\/produto\/prisioneiro-para-roda-traseira-corolla-todos-5-pcs\/"},"modified":"2025-01-17T08:20:41","modified_gmt":"2025-01-17T11:20:41","slug":"prisioneiro-para-roda-traseira-corolla-todos-5-pcs","status":"publish","type":"product","link":"https:\/\/emblemax.com.br\/en\/produto\/prisioneiro-para-roda-traseira-corolla-todos-5-pcs\/","title":{"rendered":"PRISIONEIRO PARA RODA TRASEIRA COROLLA TODOS (5 P\u00c7S)"},"content":{"rendered":"<p>Prisioneiro para roda de carro, fixa\u00e7\u00e3o segura e dur\u00e1vel, essencial para a estabilidade do ve\u00edculo.<\/p>\n","protected":false},"excerpt":{"rendered":"<p>Bitola: 1\/2\u2033 <br \/>Rosca: 1,50mm <br \/>Comprimento Total: 41mm <br \/>Comprimento Rosca: 25mm <br \/>Acabamento: Zincado <br \/>Jogo: 5 pe\u00e7as<\/p>\n","protected":false},"featured_media":25771,"comment_status":"open","ping_status":"closed","template":"","meta":[],"product_cat":[680],"product_tag":[],"class_list":{"0":"post-20777","1":"product","2":"type-product","3":"status-publish","4":"has-post-thumbnail","6":"product_cat-prisioneiro","8":"first","9":"instock","10":"taxable","11":"shipping-taxable","12":"purchasable","13":"product-type-simple"},"_links":{"self":[{"href":"https:\/\/emblemax.com.br\/en\/wp-json\/wp\/v2\/product\/20777","targetHints":{"allow":["GET"]}}],"collection":[{"href":"https:\/\/emblemax.com.br\/en\/wp-json\/wp\/v2\/product"}],"about":[{"href":"https:\/\/emblemax.com.br\/en\/wp-json\/wp\/v2\/types\/product"}],"replies":[{"embeddable":true,"href":"https:\/\/emblemax.com.br\/en\/wp-json\/wp\/v2\/comments?post=20777"}],"wp:featuredmedia":[{"embeddable":true,"href":"https:\/\/emblemax.com.br\/en\/wp-json\/wp\/v2\/media\/25771"}],"wp:attachment":[{"href":"https:\/\/emblemax.com.br\/en\/wp-json\/wp\/v2\/media?parent=20777"}],"wp:term":[{"taxonomy":"product_cat","embeddable":true,"href":"https:\/\/emblemax.com.br\/en\/wp-json\/wp\/v2\/product_cat?post=20777"},{"taxonomy":"product_tag","embeddable":true,"href":"https:\/\/emblemax.com.br\/en\/wp-json\/wp\/v2\/product_tag?post=20777"}],"curies":[{"name":"wp","href":"https:\/\/api.w.org\/{rel}","templated":true}]}}