{"id":20857,"date":"2024-11-25T15:24:56","date_gmt":"2024-11-25T18:24:56","guid":{"rendered":"https:\/\/emblemax.com.br\/produto\/prisioneiro-para-roda-dianteira-e-traseira-f100-f1000-5pcs\/"},"modified":"2025-12-01T16:03:36","modified_gmt":"2025-12-01T19:03:36","slug":"prisioneiro-para-roda-dianteira-e-traseira-f100-f1000-5pcs","status":"publish","type":"product","link":"https:\/\/emblemax.com.br\/en\/produto\/prisioneiro-para-roda-dianteira-e-traseira-f100-f1000-5pcs\/","title":{"rendered":"PRISIONEIRO PARA RODA DIANTEIRA E TRASEIRA F100\/F1000 (5P\u00c7S)"},"content":{"rendered":"<p>Prisioneiro para roda de carro, fixa\u00e7\u00e3o segura e dur\u00e1vel, essencial para a estabilidade do ve\u00edculo.<\/p>\n","protected":false},"excerpt":{"rendered":"<p><strong>Descri\u00e7\u00e3o do produto:<\/strong><\/p>\n<p>Medidas Aproximadas<br \/>\nBitola: 1\/2<br \/>\nRosca: 20 UNF<br \/>\nComprimento total: 48mm<br \/>\nComprimento rosca: 28mm<br \/>\nAcabamento: zincado<\/p>\n<p>Quantidade no jogo: 5 pe\u00e7as<\/p>\n","protected":false},"featured_media":25843,"comment_status":"open","ping_status":"closed","template":"","meta":[],"product_cat":[680],"product_tag":[],"class_list":{"0":"post-20857","1":"product","2":"type-product","3":"status-publish","4":"has-post-thumbnail","6":"product_cat-prisioneiro","8":"first","9":"instock","10":"taxable","11":"shipping-taxable","12":"purchasable","13":"product-type-simple"},"_links":{"self":[{"href":"https:\/\/emblemax.com.br\/en\/wp-json\/wp\/v2\/product\/20857","targetHints":{"allow":["GET"]}}],"collection":[{"href":"https:\/\/emblemax.com.br\/en\/wp-json\/wp\/v2\/product"}],"about":[{"href":"https:\/\/emblemax.com.br\/en\/wp-json\/wp\/v2\/types\/product"}],"replies":[{"embeddable":true,"href":"https:\/\/emblemax.com.br\/en\/wp-json\/wp\/v2\/comments?post=20857"}],"wp:featuredmedia":[{"embeddable":true,"href":"https:\/\/emblemax.com.br\/en\/wp-json\/wp\/v2\/media\/25843"}],"wp:attachment":[{"href":"https:\/\/emblemax.com.br\/en\/wp-json\/wp\/v2\/media?parent=20857"}],"wp:term":[{"taxonomy":"product_cat","embeddable":true,"href":"https:\/\/emblemax.com.br\/en\/wp-json\/wp\/v2\/product_cat?post=20857"},{"taxonomy":"product_tag","embeddable":true,"href":"https:\/\/emblemax.com.br\/en\/wp-json\/wp\/v2\/product_tag?post=20857"}],"curies":[{"name":"wp","href":"https:\/\/api.w.org\/{rel}","templated":true}]}}