{"id":21031,"date":"2024-11-26T13:26:55","date_gmt":"2024-11-26T16:26:55","guid":{"rendered":"https:\/\/emblemax.com.br\/produto\/bucha-para-roda-de-aluminio-5-pcs\/"},"modified":"2026-04-10T09:00:58","modified_gmt":"2026-04-10T12:00:58","slug":"bucha-para-roda-de-aluminio-5-pcs","status":"publish","type":"product","link":"https:\/\/emblemax.com.br\/en\/produto\/bucha-para-roda-de-aluminio-5-pcs\/","title":{"rendered":"BUCHA PARA RODA DE ALUMINIO  (5 P\u00c7S)"},"content":{"rendered":"<p>Conjunto com 5 buchas de alta resist\u00eancia, ideal para instala\u00e7\u00e3o de rodas de alum\u00ednio, garantindo fixa\u00e7\u00e3o segura e durabilidade.<\/p>\n","protected":false},"excerpt":{"rendered":"<p><strong>Descri\u00e7\u00e3o do Produto:<\/strong><\/p>\n<p>Altura: 11mm<br \/>\nDi\u00e2metro: 28mm<br \/>\nFuro Interno da parte da Frente 13.65mm<br \/>\nFuro Interno da parte de Tr\u00e1s: 22mm<br \/>\nDi\u00e2metro Externo das Estrias: 22mm<br \/>\nDi\u00e2metro Externo do fim do C\u00f4nico: 28mm<\/p>\n<p>Bucha para roda de alum\u00ednio (5 pe\u00e7as)<\/p>\n","protected":false},"featured_media":25284,"comment_status":"open","ping_status":"closed","template":"","meta":[],"product_cat":[653],"product_tag":[],"class_list":{"0":"post-21031","1":"product","2":"type-product","3":"status-publish","4":"has-post-thumbnail","6":"product_cat-adaptador","8":"first","9":"instock","10":"taxable","11":"shipping-taxable","12":"purchasable","13":"product-type-simple"},"_links":{"self":[{"href":"https:\/\/emblemax.com.br\/en\/wp-json\/wp\/v2\/product\/21031","targetHints":{"allow":["GET"]}}],"collection":[{"href":"https:\/\/emblemax.com.br\/en\/wp-json\/wp\/v2\/product"}],"about":[{"href":"https:\/\/emblemax.com.br\/en\/wp-json\/wp\/v2\/types\/product"}],"replies":[{"embeddable":true,"href":"https:\/\/emblemax.com.br\/en\/wp-json\/wp\/v2\/comments?post=21031"}],"wp:featuredmedia":[{"embeddable":true,"href":"https:\/\/emblemax.com.br\/en\/wp-json\/wp\/v2\/media\/25284"}],"wp:attachment":[{"href":"https:\/\/emblemax.com.br\/en\/wp-json\/wp\/v2\/media?parent=21031"}],"wp:term":[{"taxonomy":"product_cat","embeddable":true,"href":"https:\/\/emblemax.com.br\/en\/wp-json\/wp\/v2\/product_cat?post=21031"},{"taxonomy":"product_tag","embeddable":true,"href":"https:\/\/emblemax.com.br\/en\/wp-json\/wp\/v2\/product_tag?post=21031"}],"curies":[{"name":"wp","href":"https:\/\/api.w.org\/{rel}","templated":true}]}}