{"id":22238,"date":"2024-12-02T15:33:26","date_gmt":"2024-12-02T18:33:26","guid":{"rendered":"https:\/\/emblemax.com.br\/produto\/porca-allen-gm-fd-vw-chr-mts-hd-m12x15-16-pcs\/"},"modified":"2025-01-20T17:21:02","modified_gmt":"2025-01-20T20:21:02","slug":"porca-allen-gm-fd-vw-chr-mts-hd-m12x15-16-pcs","status":"publish","type":"product","link":"https:\/\/emblemax.com.br\/en\/produto\/porca-allen-gm-fd-vw-chr-mts-hd-m12x15-16-pcs\/","title":{"rendered":"PORCA ALLEN GM\/FD\/VW\/CHR\/MTS\/HD M12X1,5 (16 P\u00c7S)"},"content":{"rendered":"<p>Eleve a seguran\u00e7a do seu ve\u00edculo com nossas porcas de alta qualidade, projetadas para garantir um encaixe perfeito e duradouro, mantendo suas rodas firmes e est\u00e1veis em todas as estradas.<\/p>\n","protected":false},"excerpt":{"rendered":"<p>Bitola: M12\u00a0\u00a0<\/p>\n<p>\u00a0<\/p>\n<p>Rosca: 1,50\u00a0\u00a0<\/p>\n<p>\u00a0<\/p>\n<p>Comprimento total: 31mm\u00a0\u00a0<\/p>\n<p>\u00a0<\/p>\n<p>Comprimento da rosca: 18mm\u00a0\u00a0<\/p>\n<p>\u00a0<\/p>\n<p>Chave: 17\/19\u00a0\u00a0<\/p>\n<p>\u00a0<\/p>\n<p>Acabamento: Cromado\u00a0\u00a0<\/p>\n<p>\u00a0<\/p>\n<p>Jogo: 16 pe\u00e7as + 1 chave<\/p>\n","protected":false},"featured_media":23050,"comment_status":"open","ping_status":"closed","template":"","meta":[],"product_cat":[714,716],"product_tag":[],"class_list":{"0":"post-22238","1":"product","2":"type-product","3":"status-publish","4":"has-post-thumbnail","6":"product_cat-porcas","7":"product_cat-porcas-allen","9":"first","10":"instock","11":"taxable","12":"shipping-taxable","13":"purchasable","14":"product-type-simple"},"_links":{"self":[{"href":"https:\/\/emblemax.com.br\/en\/wp-json\/wp\/v2\/product\/22238","targetHints":{"allow":["GET"]}}],"collection":[{"href":"https:\/\/emblemax.com.br\/en\/wp-json\/wp\/v2\/product"}],"about":[{"href":"https:\/\/emblemax.com.br\/en\/wp-json\/wp\/v2\/types\/product"}],"replies":[{"embeddable":true,"href":"https:\/\/emblemax.com.br\/en\/wp-json\/wp\/v2\/comments?post=22238"}],"wp:featuredmedia":[{"embeddable":true,"href":"https:\/\/emblemax.com.br\/en\/wp-json\/wp\/v2\/media\/23050"}],"wp:attachment":[{"href":"https:\/\/emblemax.com.br\/en\/wp-json\/wp\/v2\/media?parent=22238"}],"wp:term":[{"taxonomy":"product_cat","embeddable":true,"href":"https:\/\/emblemax.com.br\/en\/wp-json\/wp\/v2\/product_cat?post=22238"},{"taxonomy":"product_tag","embeddable":true,"href":"https:\/\/emblemax.com.br\/en\/wp-json\/wp\/v2\/product_tag?post=22238"}],"curies":[{"name":"wp","href":"https:\/\/api.w.org\/{rel}","templated":true}]}}