{"id":23539,"date":"2024-12-05T08:54:07","date_gmt":"2024-12-05T11:54:07","guid":{"rendered":"https:\/\/emblemax.com.br\/produto\/parafuso-allen-longo-para-roda-ft-pg-ct-m12x125-16-pcs\/"},"modified":"2025-09-30T09:18:55","modified_gmt":"2025-09-30T12:18:55","slug":"parafuso-allen-longo-para-roda-ft-pg-ct-m12x125-16-pcs","status":"publish","type":"product","link":"https:\/\/emblemax.com.br\/en\/produto\/parafuso-allen-longo-para-roda-ft-pg-ct-m12x125-16-pcs\/","title":{"rendered":"PARAFUSO ALLEN LONGO PARA RODA FT\/PG\/CT M12X1,25 (16 P\u00c7S)"},"content":{"rendered":"<p>Transforme a performance do seu carro com nosso parafuso, projetado para garantir uma fixa\u00e7\u00e3o segura e eficaz nas rodas, proporcionando estabilidade e seguran\u00e7a em cada viagem.<\/p>\n","protected":false},"excerpt":{"rendered":"<p>Bitola: M12\u00a0\u00a0<\/p>\n<p>Rosca: 1,25mm\u00a0\u00a0<\/p>\n<p>Comprimento Total: 63mm\u00a0\u00a0<\/p>\n<p>Comprimento Rosca: 36mm\u00a0\u00a0<\/p>\n<p>Chave: 17\/19\u00a0\u00a0<\/p>\n<p>Acabamento: Cromado\u00a0\u00a0<\/p>\n<p>Jogo: 16 pe\u00e7as + 1 chave\u00a0\u00a0<\/p>\n","protected":false},"featured_media":23640,"comment_status":"open","ping_status":"closed","template":"","meta":[],"product_cat":[721,714],"product_tag":[],"class_list":{"0":"post-23539","1":"product","2":"type-product","3":"status-publish","4":"has-post-thumbnail","6":"product_cat-parafusos-allen","7":"product_cat-porcas","9":"first","10":"instock","11":"taxable","12":"shipping-taxable","13":"purchasable","14":"product-type-simple"},"_links":{"self":[{"href":"https:\/\/emblemax.com.br\/en\/wp-json\/wp\/v2\/product\/23539","targetHints":{"allow":["GET"]}}],"collection":[{"href":"https:\/\/emblemax.com.br\/en\/wp-json\/wp\/v2\/product"}],"about":[{"href":"https:\/\/emblemax.com.br\/en\/wp-json\/wp\/v2\/types\/product"}],"replies":[{"embeddable":true,"href":"https:\/\/emblemax.com.br\/en\/wp-json\/wp\/v2\/comments?post=23539"}],"wp:featuredmedia":[{"embeddable":true,"href":"https:\/\/emblemax.com.br\/en\/wp-json\/wp\/v2\/media\/23640"}],"wp:attachment":[{"href":"https:\/\/emblemax.com.br\/en\/wp-json\/wp\/v2\/media?parent=23539"}],"wp:term":[{"taxonomy":"product_cat","embeddable":true,"href":"https:\/\/emblemax.com.br\/en\/wp-json\/wp\/v2\/product_cat?post=23539"},{"taxonomy":"product_tag","embeddable":true,"href":"https:\/\/emblemax.com.br\/en\/wp-json\/wp\/v2\/product_tag?post=23539"}],"curies":[{"name":"wp","href":"https:\/\/api.w.org\/{rel}","templated":true}]}}