{"id":23555,"date":"2024-12-05T08:54:25","date_gmt":"2024-12-05T11:54:25","guid":{"rendered":"https:\/\/emblemax.com.br\/produto\/parafuso-allen-para-roda-bmw-mini-m14x125-20-pcs\/"},"modified":"2025-01-20T17:25:10","modified_gmt":"2025-01-20T20:25:10","slug":"parafuso-allen-para-roda-bmw-mini-m14x125-20-pcs","status":"publish","type":"product","link":"https:\/\/emblemax.com.br\/en\/produto\/parafuso-allen-para-roda-bmw-mini-m14x125-20-pcs\/","title":{"rendered":"PARAFUSO ALLEN PARA RODA BMW MINI M14X1,25 (20 P\u00c7S)"},"content":{"rendered":"<p>Transforme a performance do seu carro com nosso parafuso, projetado para garantir uma fixa\u00e7\u00e3o segura e eficaz nas rodas, proporcionando estabilidade e seguran\u00e7a em cada viagem.<\/p>\n","protected":false},"excerpt":{"rendered":"<p>Bitola M14\u00a0\u00a0<\/p>\n<p>Rosca 1,25\u00a0\u00a0<\/p>\n<p>Comprimento total 53mm\u00a0\u00a0<\/p>\n<p>Comprimento rosca 28mm\u00a0\u00a0<\/p>\n<p>Chave 17\/19\u00a0\u00a0<\/p>\n<p>Acabamento cromado\u00a0\u00a0<\/p>\n<p>Jogo 20 pe\u00e7as + 1 chave<\/p>\n","protected":false},"featured_media":23700,"comment_status":"open","ping_status":"closed","template":"","meta":[],"product_cat":[721,714],"product_tag":[],"class_list":{"0":"post-23555","1":"product","2":"type-product","3":"status-publish","4":"has-post-thumbnail","6":"product_cat-parafusos-allen","7":"product_cat-porcas","9":"first","10":"instock","11":"taxable","12":"shipping-taxable","13":"purchasable","14":"product-type-simple"},"_links":{"self":[{"href":"https:\/\/emblemax.com.br\/en\/wp-json\/wp\/v2\/product\/23555","targetHints":{"allow":["GET"]}}],"collection":[{"href":"https:\/\/emblemax.com.br\/en\/wp-json\/wp\/v2\/product"}],"about":[{"href":"https:\/\/emblemax.com.br\/en\/wp-json\/wp\/v2\/types\/product"}],"replies":[{"embeddable":true,"href":"https:\/\/emblemax.com.br\/en\/wp-json\/wp\/v2\/comments?post=23555"}],"wp:featuredmedia":[{"embeddable":true,"href":"https:\/\/emblemax.com.br\/en\/wp-json\/wp\/v2\/media\/23700"}],"wp:attachment":[{"href":"https:\/\/emblemax.com.br\/en\/wp-json\/wp\/v2\/media?parent=23555"}],"wp:term":[{"taxonomy":"product_cat","embeddable":true,"href":"https:\/\/emblemax.com.br\/en\/wp-json\/wp\/v2\/product_cat?post=23555"},{"taxonomy":"product_tag","embeddable":true,"href":"https:\/\/emblemax.com.br\/en\/wp-json\/wp\/v2\/product_tag?post=23555"}],"curies":[{"name":"wp","href":"https:\/\/api.w.org\/{rel}","templated":true}]}}