{"id":23559,"date":"2024-12-05T14:42:44","date_gmt":"2024-12-05T17:42:44","guid":{"rendered":"https:\/\/emblemax.com.br\/produto\/parafuso-black-vw-fr-gm-rn-ch17-m12x15-16-pcs\/"},"modified":"2025-12-01T14:59:43","modified_gmt":"2025-12-01T17:59:43","slug":"parafuso-black-vw-fr-gm-rn-ch17-m12x15-16-pcs","status":"publish","type":"product","link":"https:\/\/emblemax.com.br\/en\/produto\/parafuso-black-vw-fr-gm-rn-ch17-m12x15-16-pcs\/","title":{"rendered":"PARAFUSO BLACK VW\/FR\/GM\/RN CH17 M12X1,5 (16 P\u00c7S)"},"content":{"rendered":"<p>Transforme a performance do seu carro com nosso parafuso, projetado para garantir uma fixa\u00e7\u00e3o segura e eficaz nas rodas, proporcionando estabilidade e seguran\u00e7a em cada viagem.<\/p>\n","protected":false},"excerpt":{"rendered":"<p>Bitola (Di\u00e2metro da rosca): M12<\/p>\n<p>Rosca: 1,50mm<\/p>\n<p>Comprimento total: 50mm<\/p>\n<p>Comprimento da rosca: 26mm<\/p>\n<p>Chave: 17mm<\/p>\n<p>Acabamento: Black<\/p>\n<p>Jogo: 16 pe\u00e7as<\/p>\n","protected":false},"featured_media":23556,"comment_status":"open","ping_status":"closed","template":"","meta":[],"product_cat":[722,714],"product_tag":[],"class_list":{"0":"post-23559","1":"product","2":"type-product","3":"status-publish","4":"has-post-thumbnail","6":"product_cat-parafusos-black","7":"product_cat-porcas","9":"first","10":"outofstock","11":"taxable","12":"shipping-taxable","13":"purchasable","14":"product-type-simple"},"_links":{"self":[{"href":"https:\/\/emblemax.com.br\/en\/wp-json\/wp\/v2\/product\/23559","targetHints":{"allow":["GET"]}}],"collection":[{"href":"https:\/\/emblemax.com.br\/en\/wp-json\/wp\/v2\/product"}],"about":[{"href":"https:\/\/emblemax.com.br\/en\/wp-json\/wp\/v2\/types\/product"}],"replies":[{"embeddable":true,"href":"https:\/\/emblemax.com.br\/en\/wp-json\/wp\/v2\/comments?post=23559"}],"wp:featuredmedia":[{"embeddable":true,"href":"https:\/\/emblemax.com.br\/en\/wp-json\/wp\/v2\/media\/23556"}],"wp:attachment":[{"href":"https:\/\/emblemax.com.br\/en\/wp-json\/wp\/v2\/media?parent=23559"}],"wp:term":[{"taxonomy":"product_cat","embeddable":true,"href":"https:\/\/emblemax.com.br\/en\/wp-json\/wp\/v2\/product_cat?post=23559"},{"taxonomy":"product_tag","embeddable":true,"href":"https:\/\/emblemax.com.br\/en\/wp-json\/wp\/v2\/product_tag?post=23559"}],"curies":[{"name":"wp","href":"https:\/\/api.w.org\/{rel}","templated":true}]}}