{"id":23804,"date":"2024-12-05T14:50:54","date_gmt":"2024-12-05T17:50:54","guid":{"rendered":"https:\/\/emblemax.com.br\/produto\/parafuso-para-roda-cromado-deslizante-mult-m12x15-16-pcs\/"},"modified":"2026-02-02T15:01:42","modified_gmt":"2026-02-02T18:01:42","slug":"parafuso-para-roda-cromado-deslizante-mult-m12x15-16-pcs","status":"publish","type":"product","link":"https:\/\/emblemax.com.br\/en\/produto\/parafuso-para-roda-cromado-deslizante-mult-m12x15-16-pcs\/","title":{"rendered":"PARAFUSO PARA RODA CROMADO DESLIZANTE MULT M12X1,5  (16 P\u00c7S)"},"content":{"rendered":"<p>Transforme a performance do seu carro com nosso parafuso, projetado para garantir uma fixa\u00e7\u00e3o segura e eficaz nas rodas, proporcionando estabilidade e seguran\u00e7a em cada viagem.<\/p>\n","protected":false},"excerpt":{"rendered":"<p>Bitola M12<br \/>\nRosca 1,50<br \/>\nComprimento Total 53mm<br \/>\nComprimento da Rosca 26mm<br \/>\nChave 17<br \/>\nAcabamento Cromado<br \/>\nJogo 16 Pe\u00e7as<\/p>\n<p>Aplica\u00e7\u00e3o: MULT DESLIZANTE<\/p>\n","protected":false},"featured_media":24298,"comment_status":"open","ping_status":"closed","template":"","meta":[],"product_cat":[723,714],"product_tag":[],"class_list":{"0":"post-23804","1":"product","2":"type-product","3":"status-publish","4":"has-post-thumbnail","6":"product_cat-parafusos-cromados","7":"product_cat-porcas","9":"first","10":"instock","11":"taxable","12":"shipping-taxable","13":"purchasable","14":"product-type-simple"},"_links":{"self":[{"href":"https:\/\/emblemax.com.br\/en\/wp-json\/wp\/v2\/product\/23804","targetHints":{"allow":["GET"]}}],"collection":[{"href":"https:\/\/emblemax.com.br\/en\/wp-json\/wp\/v2\/product"}],"about":[{"href":"https:\/\/emblemax.com.br\/en\/wp-json\/wp\/v2\/types\/product"}],"replies":[{"embeddable":true,"href":"https:\/\/emblemax.com.br\/en\/wp-json\/wp\/v2\/comments?post=23804"}],"wp:featuredmedia":[{"embeddable":true,"href":"https:\/\/emblemax.com.br\/en\/wp-json\/wp\/v2\/media\/24298"}],"wp:attachment":[{"href":"https:\/\/emblemax.com.br\/en\/wp-json\/wp\/v2\/media?parent=23804"}],"wp:term":[{"taxonomy":"product_cat","embeddable":true,"href":"https:\/\/emblemax.com.br\/en\/wp-json\/wp\/v2\/product_cat?post=23804"},{"taxonomy":"product_tag","embeddable":true,"href":"https:\/\/emblemax.com.br\/en\/wp-json\/wp\/v2\/product_tag?post=23804"}],"curies":[{"name":"wp","href":"https:\/\/api.w.org\/{rel}","templated":true}]}}