{"id":23816,"date":"2024-12-05T14:51:07","date_gmt":"2024-12-05T17:51:07","guid":{"rendered":"https:\/\/emblemax.com.br\/produto\/parafuso-cromado-fiat-peugeot-citroen-m12x125-16-pcs\/"},"modified":"2025-09-15T15:51:41","modified_gmt":"2025-09-15T18:51:41","slug":"parafuso-cromado-fiat-peugeot-citroen-m12x125-16-pcs","status":"publish","type":"product","link":"https:\/\/emblemax.com.br\/en\/produto\/parafuso-cromado-fiat-peugeot-citroen-m12x125-16-pcs\/","title":{"rendered":"PARAFUSO CROMADO FIAT \/ PEUGEOT \/ CITROEN M12X1,25 (16 P\u00c7S)"},"content":{"rendered":"<p>Transforme a performance do seu carro com nosso parafuso, projetado para garantir uma fixa\u00e7\u00e3o segura e eficaz nas rodas, proporcionando estabilidade e seguran\u00e7a em cada viagem.<\/p>\n","protected":false},"excerpt":{"rendered":"<p>Bitola M12<br \/>\nRosca 1,25<br \/>\nComprimento Total 57mm<br \/>\nComprimento da Rosca 17mm<br \/>\nChave 17<br \/>\nAcabamento Cromado<br \/>\nJogo 16 Pe\u00e7as<\/p>\n<p>Aplica\u00e7\u00e3o:\u00a0FIAT \/ PEUGEOT \/ CITROEN<\/p>\n<p>Com Arruela Oscilante Reta<\/p>\n","protected":false},"featured_media":24301,"comment_status":"open","ping_status":"closed","template":"","meta":[],"product_cat":[723,714],"product_tag":[],"class_list":{"0":"post-23816","1":"product","2":"type-product","3":"status-publish","4":"has-post-thumbnail","6":"product_cat-parafusos-cromados","7":"product_cat-porcas","9":"first","10":"instock","11":"taxable","12":"shipping-taxable","13":"purchasable","14":"product-type-simple"},"_links":{"self":[{"href":"https:\/\/emblemax.com.br\/en\/wp-json\/wp\/v2\/product\/23816","targetHints":{"allow":["GET"]}}],"collection":[{"href":"https:\/\/emblemax.com.br\/en\/wp-json\/wp\/v2\/product"}],"about":[{"href":"https:\/\/emblemax.com.br\/en\/wp-json\/wp\/v2\/types\/product"}],"replies":[{"embeddable":true,"href":"https:\/\/emblemax.com.br\/en\/wp-json\/wp\/v2\/comments?post=23816"}],"wp:featuredmedia":[{"embeddable":true,"href":"https:\/\/emblemax.com.br\/en\/wp-json\/wp\/v2\/media\/24301"}],"wp:attachment":[{"href":"https:\/\/emblemax.com.br\/en\/wp-json\/wp\/v2\/media?parent=23816"}],"wp:term":[{"taxonomy":"product_cat","embeddable":true,"href":"https:\/\/emblemax.com.br\/en\/wp-json\/wp\/v2\/product_cat?post=23816"},{"taxonomy":"product_tag","embeddable":true,"href":"https:\/\/emblemax.com.br\/en\/wp-json\/wp\/v2\/product_tag?post=23816"}],"curies":[{"name":"wp","href":"https:\/\/api.w.org\/{rel}","templated":true}]}}