{"id":24996,"date":"2024-12-10T11:10:15","date_gmt":"2024-12-10T14:10:15","guid":{"rendered":"https:\/\/emblemax.com.br\/produto\/anti-furto-para-estepe-frontier-hilux\/"},"modified":"2025-05-13T14:59:35","modified_gmt":"2025-05-13T17:59:35","slug":"anti-furto-para-estepe-frontier-hilux","status":"publish","type":"product","link":"https:\/\/emblemax.com.br\/en\/produto\/anti-furto-para-estepe-frontier-hilux\/","title":{"rendered":"ANTI FURTO PARA ESTEPE FRONTIER\/HILUX"},"content":{"rendered":"<p>* NISSAN<br \/>\n-Frontier 255\/70 R16 &#8211; 2017 adiante<br \/>\n* TOYOTA<br \/>\n&#8211; Hilux rodas 18&#8243; &#8211; 2015 adiante<br \/>\n&#8211; SW4 rodas 18&#8243; &#8211; 2015 adiante<\/p>\n<p>Dispositivo de seguran\u00e7a que protege o estepe do ve\u00edculo contra roubo. Com uma trava ou mecanismo de bloqueio, dificulta a remo\u00e7\u00e3o do estepe sem a chave ou ferramenta espec\u00edfica, garantindo maior prote\u00e7\u00e3o e tranquilidade para o propriet\u00e1rio do ve\u00edculo. Ideal para evitar furtos, especialmente em \u00e1reas de estacionamento.<\/p>\n","protected":false},"excerpt":{"rendered":"<ul style=\"margin: 20px 0px;padding-left: 20px;font-family: Montserrat;font-size: 16px;letter-spacing: 1.6px\">\n<li>N\u00famero infinito de segredos<\/li>\n<li>O desenho dos segredos impede a remo\u00e7\u00e3o utilizando ferramentas dispon\u00edveis no mercado<\/li>\n<li>Antifurto a prova de corte e perfura\u00e7\u00e3o<\/li>\n<li>Chave auto-centrante para f\u00e1cil montagem e desmontagem<\/li>\n<li>Robusto anel girat\u00f3rio anti-corte que impede o desparafusamento com ferramentas Dispon\u00edveis no mercado<\/li>\n<li>Aplica\u00e7\u00e3o: Frontier e Hilux<\/li>\n<\/ul>\n","protected":false},"featured_media":24993,"comment_status":"open","ping_status":"closed","template":"","meta":[],"product_cat":[725],"product_tag":[],"class_list":{"0":"post-24996","1":"product","2":"type-product","3":"status-publish","4":"has-post-thumbnail","6":"product_cat-estepe","8":"first","9":"outofstock","10":"taxable","11":"shipping-taxable","12":"purchasable","13":"product-type-simple"},"_links":{"self":[{"href":"https:\/\/emblemax.com.br\/en\/wp-json\/wp\/v2\/product\/24996","targetHints":{"allow":["GET"]}}],"collection":[{"href":"https:\/\/emblemax.com.br\/en\/wp-json\/wp\/v2\/product"}],"about":[{"href":"https:\/\/emblemax.com.br\/en\/wp-json\/wp\/v2\/types\/product"}],"replies":[{"embeddable":true,"href":"https:\/\/emblemax.com.br\/en\/wp-json\/wp\/v2\/comments?post=24996"}],"wp:featuredmedia":[{"embeddable":true,"href":"https:\/\/emblemax.com.br\/en\/wp-json\/wp\/v2\/media\/24993"}],"wp:attachment":[{"href":"https:\/\/emblemax.com.br\/en\/wp-json\/wp\/v2\/media?parent=24996"}],"wp:term":[{"taxonomy":"product_cat","embeddable":true,"href":"https:\/\/emblemax.com.br\/en\/wp-json\/wp\/v2\/product_cat?post=24996"},{"taxonomy":"product_tag","embeddable":true,"href":"https:\/\/emblemax.com.br\/en\/wp-json\/wp\/v2\/product_tag?post=24996"}],"curies":[{"name":"wp","href":"https:\/\/api.w.org\/{rel}","templated":true}]}}