{"id":25084,"date":"2024-12-11T08:31:26","date_gmt":"2024-12-11T11:31:26","guid":{"rendered":"https:\/\/emblemax.com.br\/produto\/aplique-lateral-de-carro-gts\/"},"modified":"2025-01-23T12:27:30","modified_gmt":"2025-01-23T15:27:30","slug":"aplique-lateral-de-carro-gts","status":"publish","type":"product","link":"https:\/\/emblemax.com.br\/en\/produto\/aplique-lateral-de-carro-gts\/","title":{"rendered":"APLIQUE LATERAL DE CARRO GTS"},"content":{"rendered":"<p>Aplique em adesivo autocolante com acabamento resinado.<\/p>\n","protected":false},"excerpt":{"rendered":"<p><strong>Adesivo Lateral em Poli\u00e9ster Resinado<\/strong><\/p>\n<p><strong>Especifica\u00e7\u00f5es:<\/strong><\/p>\n<p><strong>Dimens\u00f5es:<\/strong>\u00a022 mm de altura x 177 mm de comprimento<\/p>\n<p><strong>Aplica\u00e7\u00e3o:<\/strong>\u00a0F\u00e1cil de aplicar, ideal para superf\u00edcies lisas, garantindo ader\u00eancia firme e acabamento profissional.<\/p>\n<p><strong>Diferenciais:<\/strong><\/p>\n<p>&#8211; Prote\u00e7\u00e3o resinada contra riscos, desgaste e intemp\u00e9ries<\/p>\n<p>&#8211; Apar\u00eancia sofisticada com brilho intenso, que valoriza o produto<\/p>\n<p><strong>D\u00ea um toque de sofistica\u00e7\u00e3o e durabilidade ao seu carro.<\/strong><\/p>\n","protected":false},"featured_media":25081,"comment_status":"open","ping_status":"closed","template":"","meta":[],"product_cat":[731],"product_tag":[],"class_list":{"0":"post-25084","1":"product","2":"type-product","3":"status-publish","4":"has-post-thumbnail","6":"product_cat-aplique-lateral","8":"first","9":"instock","10":"taxable","11":"shipping-taxable","12":"purchasable","13":"product-type-simple"},"_links":{"self":[{"href":"https:\/\/emblemax.com.br\/en\/wp-json\/wp\/v2\/product\/25084","targetHints":{"allow":["GET"]}}],"collection":[{"href":"https:\/\/emblemax.com.br\/en\/wp-json\/wp\/v2\/product"}],"about":[{"href":"https:\/\/emblemax.com.br\/en\/wp-json\/wp\/v2\/types\/product"}],"replies":[{"embeddable":true,"href":"https:\/\/emblemax.com.br\/en\/wp-json\/wp\/v2\/comments?post=25084"}],"wp:featuredmedia":[{"embeddable":true,"href":"https:\/\/emblemax.com.br\/en\/wp-json\/wp\/v2\/media\/25081"}],"wp:attachment":[{"href":"https:\/\/emblemax.com.br\/en\/wp-json\/wp\/v2\/media?parent=25084"}],"wp:term":[{"taxonomy":"product_cat","embeddable":true,"href":"https:\/\/emblemax.com.br\/en\/wp-json\/wp\/v2\/product_cat?post=25084"},{"taxonomy":"product_tag","embeddable":true,"href":"https:\/\/emblemax.com.br\/en\/wp-json\/wp\/v2\/product_tag?post=25084"}],"curies":[{"name":"wp","href":"https:\/\/api.w.org\/{rel}","templated":true}]}}