{"id":25183,"date":"2024-12-11T14:30:42","date_gmt":"2024-12-11T17:30:42","guid":{"rendered":"https:\/\/emblemax.com.br\/produto\/valvula-para-sensor-tpms-toro-jeep-4-pcs\/"},"modified":"2025-04-11T10:44:23","modified_gmt":"2025-04-11T13:44:23","slug":"valvula-para-sensor-tpms-toro-jeep-4-pcs","status":"publish","type":"product","link":"https:\/\/emblemax.com.br\/en\/produto\/valvula-para-sensor-tpms-toro-jeep-4-pcs\/","title":{"rendered":"V\u00c1LVULA PARA SENSOR TPMS TORO \/ JEEP (4 P\u00c7S)"},"content":{"rendered":"<p>Garanta a seguran\u00e7a e a performance do seu ve\u00edculo com a V\u00e1lvula para Sensor TPMS Universal \u2013 qualidade, precis\u00e3o e durabilidade em cada detalhe!<\/p>\n","protected":false},"excerpt":{"rendered":"<p>V\u00e1lvula para Sensor TPMS<\/p>\n<p>&#8211; Utilizada em rodas de liga leve e ferro que n\u00e3o utilizam c\u00e2mara e cont\u00eam sensor de press\u00e3o.<\/p>\n<p>&#8211; Esse sensor avisa no painel do ve\u00edculo qualquer altera\u00e7\u00e3o na press\u00e3o do pneu, para carros fabricados com esse opcional.<br \/>\n&#8211; Vem com 4 pe\u00e7as.<\/p>\n<p>Compat\u00edvel com os seguintes ve\u00edculos:<\/p>\n<p>&#8211; Fiat Toro<br \/>\n&#8211; Jeep Renegade<\/p>\n<p>Observa\u00e7\u00f5es:<\/p>\n<p>&#8211; O corpo do sensor TPMS n\u00e3o est\u00e1 incluso neste an\u00fancio.<br \/>\n&#8211; Para garantir qualidade e durabilidade, recomendamos o uso de pe\u00e7as genu\u00ednas.<br \/>\n&#8211; Antes de efetuar a compra, tire todas as suas d\u00favidas no campo de perguntas.<br \/>\n&#8211; Recomendamos que a instala\u00e7\u00e3o seja feita por um profissional especializado.<\/p>\n","protected":false},"featured_media":25296,"comment_status":"open","ping_status":"closed","template":"","meta":[],"product_cat":[653],"product_tag":[],"class_list":{"0":"post-25183","1":"product","2":"type-product","3":"status-publish","4":"has-post-thumbnail","6":"product_cat-adaptador","8":"first","9":"instock","10":"taxable","11":"shipping-taxable","12":"purchasable","13":"product-type-simple"},"_links":{"self":[{"href":"https:\/\/emblemax.com.br\/en\/wp-json\/wp\/v2\/product\/25183","targetHints":{"allow":["GET"]}}],"collection":[{"href":"https:\/\/emblemax.com.br\/en\/wp-json\/wp\/v2\/product"}],"about":[{"href":"https:\/\/emblemax.com.br\/en\/wp-json\/wp\/v2\/types\/product"}],"replies":[{"embeddable":true,"href":"https:\/\/emblemax.com.br\/en\/wp-json\/wp\/v2\/comments?post=25183"}],"wp:featuredmedia":[{"embeddable":true,"href":"https:\/\/emblemax.com.br\/en\/wp-json\/wp\/v2\/media\/25296"}],"wp:attachment":[{"href":"https:\/\/emblemax.com.br\/en\/wp-json\/wp\/v2\/media?parent=25183"}],"wp:term":[{"taxonomy":"product_cat","embeddable":true,"href":"https:\/\/emblemax.com.br\/en\/wp-json\/wp\/v2\/product_cat?post=25183"},{"taxonomy":"product_tag","embeddable":true,"href":"https:\/\/emblemax.com.br\/en\/wp-json\/wp\/v2\/product_tag?post=25183"}],"curies":[{"name":"wp","href":"https:\/\/api.w.org\/{rel}","templated":true}]}}