{"id":25212,"date":"2024-12-11T14:31:36","date_gmt":"2024-12-11T17:31:36","guid":{"rendered":"https:\/\/emblemax.com.br\/produto\/suporte-para-fixar-rodas-de-ferro\/"},"modified":"2025-01-17T09:22:33","modified_gmt":"2025-01-17T12:22:33","slug":"suporte-para-fixar-rodas-de-ferro","status":"publish","type":"product","link":"https:\/\/emblemax.com.br\/en\/produto\/suporte-para-fixar-rodas-de-ferro\/","title":{"rendered":"SUPORTE PARA FIXAR RODAS DE FERRO"},"content":{"rendered":"<p>Ideal para organizar sua loja ou borracharia, nossos suportes expositores garantem seguran\u00e7a, praticidade e uma melhor visualiza\u00e7\u00e3o das rodas, proporcionando conforto e qualidade na apresenta\u00e7\u00e3o dos produtos.<\/p>\n","protected":false},"excerpt":{"rendered":"<p><strong>Suportes Expositor para Fixar Rodas de Carro na Parede<\/strong><\/p>\n<p><strong>Altura:<\/strong> 70mm<br \/>\n<strong>Largura:<\/strong> 50mm<br \/>\n<strong>Kit com 10 Pe\u00e7as<\/strong><\/p>\n<p><strong>O PRODUTO N\u00c3O ACOMPANHA PARAFUSO OU BUCHA PARA FIXA\u00c7\u00c3O.<\/strong><\/p>\n","protected":false},"featured_media":25272,"comment_status":"open","ping_status":"closed","template":"","meta":[],"product_cat":[653],"product_tag":[],"class_list":{"0":"post-25212","1":"product","2":"type-product","3":"status-publish","4":"has-post-thumbnail","6":"product_cat-adaptador","8":"first","9":"instock","10":"taxable","11":"shipping-taxable","12":"purchasable","13":"product-type-simple"},"_links":{"self":[{"href":"https:\/\/emblemax.com.br\/en\/wp-json\/wp\/v2\/product\/25212","targetHints":{"allow":["GET"]}}],"collection":[{"href":"https:\/\/emblemax.com.br\/en\/wp-json\/wp\/v2\/product"}],"about":[{"href":"https:\/\/emblemax.com.br\/en\/wp-json\/wp\/v2\/types\/product"}],"replies":[{"embeddable":true,"href":"https:\/\/emblemax.com.br\/en\/wp-json\/wp\/v2\/comments?post=25212"}],"wp:featuredmedia":[{"embeddable":true,"href":"https:\/\/emblemax.com.br\/en\/wp-json\/wp\/v2\/media\/25272"}],"wp:attachment":[{"href":"https:\/\/emblemax.com.br\/en\/wp-json\/wp\/v2\/media?parent=25212"}],"wp:term":[{"taxonomy":"product_cat","embeddable":true,"href":"https:\/\/emblemax.com.br\/en\/wp-json\/wp\/v2\/product_cat?post=25212"},{"taxonomy":"product_tag","embeddable":true,"href":"https:\/\/emblemax.com.br\/en\/wp-json\/wp\/v2\/product_tag?post=25212"}],"curies":[{"name":"wp","href":"https:\/\/api.w.org\/{rel}","templated":true}]}}