{"id":25331,"date":"2024-12-18T09:13:20","date_gmt":"2024-12-18T12:13:20","guid":{"rendered":"https:\/\/emblemax.com.br\/produto\/capa-para-porca-e-parafuso-preta-volks-chave17-17-pcs\/"},"modified":"2025-06-17T16:19:56","modified_gmt":"2025-06-17T19:19:56","slug":"capa-para-porca-e-parafuso-preta-volks-chave17-17-pcs","status":"publish","type":"product","link":"https:\/\/emblemax.com.br\/en\/produto\/capa-para-porca-e-parafuso-preta-volks-chave17-17-pcs\/","title":{"rendered":"CAPA PARA PORCA E PARAFUSO PRETA VOLKS CHAVE17 (17 P\u00c7S)"},"content":{"rendered":"<p>Garanta prote\u00e7\u00e3o e estilo para as rodas do seu ve\u00edculo. Esta capa para porca e parafuso oferece resist\u00eancia contra sujeira e corros\u00e3o, al\u00e9m de proporcionar um acabamento mais sofisticado e uniforme. Ideal para quem busca praticidade e um visual renovado<\/p>\n","protected":false},"excerpt":{"rendered":"<p><strong>Especifica\u00e7\u00f5es:<\/strong><\/p>\n<p>\u00a0<\/p>\n<p><strong>Altura:<\/strong> 25 mm<br \/><strong>Utiliza\u00e7\u00e3o com chave 17<\/strong><br \/><strong>Cor:<\/strong> Preto<\/p>\n<p><strong>Conte\u00fado:<\/strong><\/p>\n<p>16 unidades (pe\u00e7as)<br \/>1 chave\u00a0<\/p>\n","protected":false},"featured_media":25328,"comment_status":"open","ping_status":"closed","template":"","meta":[],"product_cat":[649],"product_tag":[],"class_list":{"0":"post-25331","1":"product","2":"type-product","3":"status-publish","4":"has-post-thumbnail","6":"product_cat-capas-para-parafusos-e-porcas","8":"first","9":"instock","10":"taxable","11":"shipping-taxable","12":"purchasable","13":"product-type-simple"},"_links":{"self":[{"href":"https:\/\/emblemax.com.br\/en\/wp-json\/wp\/v2\/product\/25331","targetHints":{"allow":["GET"]}}],"collection":[{"href":"https:\/\/emblemax.com.br\/en\/wp-json\/wp\/v2\/product"}],"about":[{"href":"https:\/\/emblemax.com.br\/en\/wp-json\/wp\/v2\/types\/product"}],"replies":[{"embeddable":true,"href":"https:\/\/emblemax.com.br\/en\/wp-json\/wp\/v2\/comments?post=25331"}],"wp:featuredmedia":[{"embeddable":true,"href":"https:\/\/emblemax.com.br\/en\/wp-json\/wp\/v2\/media\/25328"}],"wp:attachment":[{"href":"https:\/\/emblemax.com.br\/en\/wp-json\/wp\/v2\/media?parent=25331"}],"wp:term":[{"taxonomy":"product_cat","embeddable":true,"href":"https:\/\/emblemax.com.br\/en\/wp-json\/wp\/v2\/product_cat?post=25331"},{"taxonomy":"product_tag","embeddable":true,"href":"https:\/\/emblemax.com.br\/en\/wp-json\/wp\/v2\/product_tag?post=25331"}],"curies":[{"name":"wp","href":"https:\/\/api.w.org\/{rel}","templated":true}]}}