{"id":25433,"date":"2024-12-18T15:25:20","date_gmt":"2024-12-18T18:25:20","guid":{"rendered":"https:\/\/emblemax.com.br\/produto\/cambagem-parafuso-cam-12-2pcs\/"},"modified":"2025-10-21T13:48:36","modified_gmt":"2025-10-21T16:48:36","slug":"cambagem-parafuso-cam-12-2pcs","status":"publish","type":"product","link":"https:\/\/emblemax.com.br\/en\/produto\/cambagem-parafuso-cam-12-2pcs\/","title":{"rendered":"CAMBAGEM PARAFUSO CAM 12 (2P\u00c7S)"},"content":{"rendered":"<p>O <strong>parafuso de cambagem<\/strong> \u00e9 a solu\u00e7\u00e3o ideal para ajustar o \u00e2ngulo das rodas, garantindo maior estabilidade, menor desgaste dos pneus e melhor performance ao dirigir. Perfeito para corrigir desalinhamentos e melhorar a seguran\u00e7a do seu ve\u00edculo com praticidade e efici\u00eancia.<\/p>\n","protected":false},"excerpt":{"rendered":"<p><strong>Parafuso de Cambagem para corrigir o \u00e2ngulo do Camber para positivo ou negativo.<\/strong><\/p>\n<p>\u00a0<\/p>\n<p><strong>Especifica\u00e7\u00f5es do Produto:<\/strong><\/p>\n<p><strong>Comprimento Total:<\/strong> 73 mm<br \/><strong>Comprimento da Rosca:<\/strong> 27 mm<br \/><strong>Di\u00e2metro da Rosca:<\/strong> 10 mm<\/p>\n<p><strong>-F\u00e1cil Aplica\u00e7\u00e3o;<\/strong><\/p>\n<p><strong>-Dispensa o uso de dispositivos hidr\u00e1ulicos;<\/strong><\/p>\n<p>\u00a0<\/p>\n<p><strong>-N\u00e3o danifica amortecedores e rolamentos.<\/strong><\/p>\n","protected":false},"featured_media":25430,"comment_status":"open","ping_status":"closed","template":"","meta":[],"product_cat":[668],"product_tag":[],"class_list":{"0":"post-25433","1":"product","2":"type-product","3":"status-publish","4":"has-post-thumbnail","6":"product_cat-parafuso-de-cambagem","8":"first","9":"outofstock","10":"taxable","11":"shipping-taxable","12":"purchasable","13":"product-type-simple"},"_links":{"self":[{"href":"https:\/\/emblemax.com.br\/en\/wp-json\/wp\/v2\/product\/25433","targetHints":{"allow":["GET"]}}],"collection":[{"href":"https:\/\/emblemax.com.br\/en\/wp-json\/wp\/v2\/product"}],"about":[{"href":"https:\/\/emblemax.com.br\/en\/wp-json\/wp\/v2\/types\/product"}],"replies":[{"embeddable":true,"href":"https:\/\/emblemax.com.br\/en\/wp-json\/wp\/v2\/comments?post=25433"}],"wp:featuredmedia":[{"embeddable":true,"href":"https:\/\/emblemax.com.br\/en\/wp-json\/wp\/v2\/media\/25430"}],"wp:attachment":[{"href":"https:\/\/emblemax.com.br\/en\/wp-json\/wp\/v2\/media?parent=25433"}],"wp:term":[{"taxonomy":"product_cat","embeddable":true,"href":"https:\/\/emblemax.com.br\/en\/wp-json\/wp\/v2\/product_cat?post=25433"},{"taxonomy":"product_tag","embeddable":true,"href":"https:\/\/emblemax.com.br\/en\/wp-json\/wp\/v2\/product_tag?post=25433"}],"curies":[{"name":"wp","href":"https:\/\/api.w.org\/{rel}","templated":true}]}}