{"id":26605,"date":"2025-01-23T17:06:48","date_gmt":"2025-01-23T20:06:48","guid":{"rendered":"https:\/\/emblemax.com.br\/produto\/adesivo-sao-bento-medalha-colorido\/"},"modified":"2026-03-24T15:36:11","modified_gmt":"2026-03-24T18:36:11","slug":"adesivo-sao-bento-medalha-colorido","status":"publish","type":"product","link":"https:\/\/emblemax.com.br\/en\/produto\/adesivo-sao-bento-medalha-colorido\/","title":{"rendered":"ADESIVO S\u00c3O BENTO MEDALHA COLORIDO"},"content":{"rendered":"<p>Adesivo Medalha De S\u00e3o Bento, perfeito para decorar objetos ou superf\u00edcies lisas. Dur\u00e1vel, resistente e com acabamento impec\u00e1vel, une f\u00e9 e estilo em um \u00fanico item.<\/p>\n","protected":false},"excerpt":{"rendered":"<p>Adesivo Medalha De S\u00e3o Bento\u00a09&#215;9 cm:<\/p>\n<ul>\n<li><strong>Alta qualidade<\/strong><\/li>\n<li><strong>Super resistente<\/strong><\/li>\n<li><strong>Impress\u00e3o digital de alta precis\u00e3o<\/strong><\/li>\n<li><strong>\u00c0 prova d\u2019\u00e1gua<\/strong><\/li>\n<\/ul>\n<p>Perfeito para decorar superf\u00edcies lisas com estilo, durabilidade e eleg\u00e2ncia.<\/p>\n","protected":false},"featured_media":26602,"comment_status":"open","ping_status":"closed","template":"","meta":[],"product_cat":[737],"product_tag":[],"class_list":{"0":"post-26605","1":"product","2":"type-product","3":"status-publish","4":"has-post-thumbnail","6":"product_cat-adeviso-sao-bento-medalha","8":"first","9":"instock","10":"taxable","11":"shipping-taxable","12":"purchasable","13":"product-type-simple"},"_links":{"self":[{"href":"https:\/\/emblemax.com.br\/en\/wp-json\/wp\/v2\/product\/26605","targetHints":{"allow":["GET"]}}],"collection":[{"href":"https:\/\/emblemax.com.br\/en\/wp-json\/wp\/v2\/product"}],"about":[{"href":"https:\/\/emblemax.com.br\/en\/wp-json\/wp\/v2\/types\/product"}],"replies":[{"embeddable":true,"href":"https:\/\/emblemax.com.br\/en\/wp-json\/wp\/v2\/comments?post=26605"}],"wp:featuredmedia":[{"embeddable":true,"href":"https:\/\/emblemax.com.br\/en\/wp-json\/wp\/v2\/media\/26602"}],"wp:attachment":[{"href":"https:\/\/emblemax.com.br\/en\/wp-json\/wp\/v2\/media?parent=26605"}],"wp:term":[{"taxonomy":"product_cat","embeddable":true,"href":"https:\/\/emblemax.com.br\/en\/wp-json\/wp\/v2\/product_cat?post=26605"},{"taxonomy":"product_tag","embeddable":true,"href":"https:\/\/emblemax.com.br\/en\/wp-json\/wp\/v2\/product_tag?post=26605"}],"curies":[{"name":"wp","href":"https:\/\/api.w.org\/{rel}","templated":true}]}}