{"id":26681,"date":"2025-01-27T13:48:25","date_gmt":"2025-01-27T16:48:25","guid":{"rendered":"https:\/\/emblemax.com.br\/produto\/chaveiro-premium-nossa-senhora-aparecida\/"},"modified":"2025-01-27T14:03:12","modified_gmt":"2025-01-27T17:03:12","slug":"chaveiro-premium-nossa-senhora-aparecida","status":"publish","type":"product","link":"https:\/\/emblemax.com.br\/en\/produto\/chaveiro-premium-nossa-senhora-aparecida\/","title":{"rendered":"CHAVEIRO PREMIUM NOSSA SENHORA APARECIDA"},"content":{"rendered":"<p>Chaveiro de metal resistente com pingente de Nossa Senhora Aparecida,perfeito para demonstrar devo\u00e7\u00e3o e obter prote\u00e7\u00e3o di\u00e1ria.<\/p>\n","protected":false},"excerpt":{"rendered":"<p><strong>Chaveiro Metal &#8211; Modelo Nossa Senhora Aparecida<\/strong><\/p>\n<p><strong>Medidas:<\/strong><\/p>\n<ul>\n<li>Comprimento total: 7,5 cm<\/li>\n<li>Pingente: 3,2 cm<\/li>\n<\/ul>\n","protected":false},"featured_media":26678,"comment_status":"open","ping_status":"closed","template":"","meta":[],"product_cat":[652],"product_tag":[],"class_list":{"0":"post-26681","1":"product","2":"type-product","3":"status-publish","4":"has-post-thumbnail","6":"product_cat-chaveiros-premium","8":"first","9":"instock","10":"taxable","11":"shipping-taxable","12":"purchasable","13":"product-type-simple"},"_links":{"self":[{"href":"https:\/\/emblemax.com.br\/en\/wp-json\/wp\/v2\/product\/26681","targetHints":{"allow":["GET"]}}],"collection":[{"href":"https:\/\/emblemax.com.br\/en\/wp-json\/wp\/v2\/product"}],"about":[{"href":"https:\/\/emblemax.com.br\/en\/wp-json\/wp\/v2\/types\/product"}],"replies":[{"embeddable":true,"href":"https:\/\/emblemax.com.br\/en\/wp-json\/wp\/v2\/comments?post=26681"}],"wp:featuredmedia":[{"embeddable":true,"href":"https:\/\/emblemax.com.br\/en\/wp-json\/wp\/v2\/media\/26678"}],"wp:attachment":[{"href":"https:\/\/emblemax.com.br\/en\/wp-json\/wp\/v2\/media?parent=26681"}],"wp:term":[{"taxonomy":"product_cat","embeddable":true,"href":"https:\/\/emblemax.com.br\/en\/wp-json\/wp\/v2\/product_cat?post=26681"},{"taxonomy":"product_tag","embeddable":true,"href":"https:\/\/emblemax.com.br\/en\/wp-json\/wp\/v2\/product_tag?post=26681"}],"curies":[{"name":"wp","href":"https:\/\/api.w.org\/{rel}","templated":true}]}}