{"id":26715,"date":"2025-01-27T13:48:46","date_gmt":"2025-01-27T16:48:46","guid":{"rendered":"https:\/\/emblemax.com.br\/produto\/chaveiro-premium-bandeira-eua\/"},"modified":"2025-01-27T14:00:45","modified_gmt":"2025-01-27T17:00:45","slug":"chaveiro-premium-bandeira-eua","status":"publish","type":"product","link":"https:\/\/emblemax.com.br\/en\/produto\/chaveiro-premium-bandeira-eua\/","title":{"rendered":"CHAVEIRO PREMIUM BANDEIRA EUA"},"content":{"rendered":"<p>Chaveiro de metal resistente com pingente da bandeira EUA, ideal para mostrar sua paix\u00e3o ou conex\u00e3o com o pa\u00eds.<\/p>\n","protected":false},"excerpt":{"rendered":"<p><strong>Chaveiro Metal &#8211; Modelo Bandeira EUA<\/strong><\/p>\n<p><strong>Medidas:<\/strong><\/p>\n<ul>\n<li>Comprimento total: 7,5 cm<\/li>\n<li>Pingente: 3,2 cm<\/li>\n<\/ul>\n","protected":false},"featured_media":26712,"comment_status":"open","ping_status":"closed","template":"","meta":[],"product_cat":[652],"product_tag":[],"class_list":{"0":"post-26715","1":"product","2":"type-product","3":"status-publish","4":"has-post-thumbnail","6":"product_cat-chaveiros-premium","8":"first","9":"instock","10":"taxable","11":"shipping-taxable","12":"purchasable","13":"product-type-simple"},"_links":{"self":[{"href":"https:\/\/emblemax.com.br\/en\/wp-json\/wp\/v2\/product\/26715","targetHints":{"allow":["GET"]}}],"collection":[{"href":"https:\/\/emblemax.com.br\/en\/wp-json\/wp\/v2\/product"}],"about":[{"href":"https:\/\/emblemax.com.br\/en\/wp-json\/wp\/v2\/types\/product"}],"replies":[{"embeddable":true,"href":"https:\/\/emblemax.com.br\/en\/wp-json\/wp\/v2\/comments?post=26715"}],"wp:featuredmedia":[{"embeddable":true,"href":"https:\/\/emblemax.com.br\/en\/wp-json\/wp\/v2\/media\/26712"}],"wp:attachment":[{"href":"https:\/\/emblemax.com.br\/en\/wp-json\/wp\/v2\/media?parent=26715"}],"wp:term":[{"taxonomy":"product_cat","embeddable":true,"href":"https:\/\/emblemax.com.br\/en\/wp-json\/wp\/v2\/product_cat?post=26715"},{"taxonomy":"product_tag","embeddable":true,"href":"https:\/\/emblemax.com.br\/en\/wp-json\/wp\/v2\/product_tag?post=26715"}],"curies":[{"name":"wp","href":"https:\/\/api.w.org\/{rel}","templated":true}]}}