{"id":26765,"date":"2025-01-27T13:49:19","date_gmt":"2025-01-27T16:49:19","guid":{"rendered":"https:\/\/emblemax.com.br\/produto\/chaveiro-premium-olho-grego\/"},"modified":"2025-01-27T13:57:18","modified_gmt":"2025-01-27T16:57:18","slug":"chaveiro-premium-olho-grego","status":"publish","type":"product","link":"https:\/\/emblemax.com.br\/en\/produto\/chaveiro-premium-olho-grego\/","title":{"rendered":"CHAVEIRO PREMIUM OLHO GREGO"},"content":{"rendered":"<p>Chaveiro de metal elegante com pingente de olho grego, s\u00edmbolo de prote\u00e7\u00e3o e boa sorte, perfeito para uso di\u00e1rio.<\/p>\n","protected":false},"excerpt":{"rendered":"<p><strong>Chaveiro Metal &#8211; Modelo Olho Grego<\/strong><\/p>\n<p><strong>Medidas:<\/strong><\/p>\n<ul>\n<li>Comprimento total: 7,5 cm<\/li>\n<li>Pingente: 3,2 cm<\/li>\n<\/ul>\n","protected":false},"featured_media":26762,"comment_status":"open","ping_status":"closed","template":"","meta":[],"product_cat":[652],"product_tag":[],"class_list":{"0":"post-26765","1":"product","2":"type-product","3":"status-publish","4":"has-post-thumbnail","6":"product_cat-chaveiros-premium","8":"first","9":"instock","10":"taxable","11":"shipping-taxable","12":"purchasable","13":"product-type-simple"},"_links":{"self":[{"href":"https:\/\/emblemax.com.br\/en\/wp-json\/wp\/v2\/product\/26765","targetHints":{"allow":["GET"]}}],"collection":[{"href":"https:\/\/emblemax.com.br\/en\/wp-json\/wp\/v2\/product"}],"about":[{"href":"https:\/\/emblemax.com.br\/en\/wp-json\/wp\/v2\/types\/product"}],"replies":[{"embeddable":true,"href":"https:\/\/emblemax.com.br\/en\/wp-json\/wp\/v2\/comments?post=26765"}],"wp:featuredmedia":[{"embeddable":true,"href":"https:\/\/emblemax.com.br\/en\/wp-json\/wp\/v2\/media\/26762"}],"wp:attachment":[{"href":"https:\/\/emblemax.com.br\/en\/wp-json\/wp\/v2\/media?parent=26765"}],"wp:term":[{"taxonomy":"product_cat","embeddable":true,"href":"https:\/\/emblemax.com.br\/en\/wp-json\/wp\/v2\/product_cat?post=26765"},{"taxonomy":"product_tag","embeddable":true,"href":"https:\/\/emblemax.com.br\/en\/wp-json\/wp\/v2\/product_tag?post=26765"}],"curies":[{"name":"wp","href":"https:\/\/api.w.org\/{rel}","templated":true}]}}