{"id":27157,"date":"2025-01-30T14:49:39","date_gmt":"2025-01-30T17:49:39","guid":{"rendered":"https:\/\/emblemax.com.br\/produto\/kit-prisioneiro-traseiro-hilux-4x4-4-pcs-2\/"},"modified":"2025-02-04T17:28:46","modified_gmt":"2025-02-04T20:28:46","slug":"kit-prisioneiro-traseiro-hilux-4x4-4-pcs-2","status":"publish","type":"product","link":"https:\/\/emblemax.com.br\/en\/produto\/kit-prisioneiro-traseiro-hilux-4x4-4-pcs-2\/","title":{"rendered":"KIT PRISIONEIRO TRASEIRO HILUX 4X4 (4 P\u00c7S)"},"content":{"rendered":"<p>Este kit completo \u00e9 ideal para a troca ou reposi\u00e7\u00e3o dos prisioneiros e porcas em ve\u00edculoS, garantindo a seguran\u00e7a e o bom desempenho da suspens\u00e3o. Composto por 4 prisioneiros e 4 porcas.<\/p>\n","protected":false},"excerpt":{"rendered":"<p>Especifica\u00e7\u00f5es do Produto:<\/p>\n<p>\u00a0<\/p>\n<p>&#8211;\u00a0<strong>Prisioneiros:<\/strong>\u00a0Traseiro Hilux 4&#215;4\u00a0<\/p>\n<p>&#8211;\u00a0<strong>Porcas: <\/strong>Roda De Ferro Toyota<\/p>\n<p>&#8211; Bitola: M12<\/p>\n<p>&#8211; Rosca: 1,5MM\u00a0<\/p>\n<p>&#8211; Comprimento Total: 19MM\u00a0<\/p>\n<p>&#8211; Chave: 23mm<\/p>\n<p>&#8211; Acabamento: Zincada \/ Vazada<\/p>\n<p>&#8211; Apliaca\u00e7\u00f5a : Para Roda De Ferro<\/p>\n<p>\u00a0<\/p>\n<p><strong>Conte\u00fado da Embalagem:<\/strong><\/p>\n<p>&#8211; 4 Prisioneiros<\/p>\n<p>&#8211; 4 Porcas<\/p>\n","protected":false},"featured_media":27154,"comment_status":"open","ping_status":"closed","template":"","meta":[],"product_cat":[681,680],"product_tag":[],"class_list":{"0":"post-27157","1":"product","2":"type-product","3":"status-publish","4":"has-post-thumbnail","6":"product_cat-kits-prisioneiros","7":"product_cat-prisioneiro","9":"first","10":"instock","11":"taxable","12":"shipping-taxable","13":"purchasable","14":"product-type-simple"},"_links":{"self":[{"href":"https:\/\/emblemax.com.br\/en\/wp-json\/wp\/v2\/product\/27157","targetHints":{"allow":["GET"]}}],"collection":[{"href":"https:\/\/emblemax.com.br\/en\/wp-json\/wp\/v2\/product"}],"about":[{"href":"https:\/\/emblemax.com.br\/en\/wp-json\/wp\/v2\/types\/product"}],"replies":[{"embeddable":true,"href":"https:\/\/emblemax.com.br\/en\/wp-json\/wp\/v2\/comments?post=27157"}],"wp:featuredmedia":[{"embeddable":true,"href":"https:\/\/emblemax.com.br\/en\/wp-json\/wp\/v2\/media\/27154"}],"wp:attachment":[{"href":"https:\/\/emblemax.com.br\/en\/wp-json\/wp\/v2\/media?parent=27157"}],"wp:term":[{"taxonomy":"product_cat","embeddable":true,"href":"https:\/\/emblemax.com.br\/en\/wp-json\/wp\/v2\/product_cat?post=27157"},{"taxonomy":"product_tag","embeddable":true,"href":"https:\/\/emblemax.com.br\/en\/wp-json\/wp\/v2\/product_tag?post=27157"}],"curies":[{"name":"wp","href":"https:\/\/api.w.org\/{rel}","templated":true}]}}