{"id":27335,"date":"2025-01-30T14:51:29","date_gmt":"2025-01-30T17:51:29","guid":{"rendered":"https:\/\/emblemax.com.br\/produto\/kit-prisioneiro-dia-tra-ka-courier-fiesta-escort-4-pcs-3\/"},"modified":"2025-02-04T10:41:44","modified_gmt":"2025-02-04T13:41:44","slug":"kit-prisioneiro-dia-tra-ka-courier-fiesta-escort-4-pcs-3","status":"publish","type":"product","link":"https:\/\/emblemax.com.br\/en\/produto\/kit-prisioneiro-dia-tra-ka-courier-fiesta-escort-4-pcs-3\/","title":{"rendered":"KIT PRISIONEIRO DIA\/TRA KA\/COURIER\/FIESTA\/ESCORT  (4 P\u00c7S)"},"content":{"rendered":"<p>Este kit completo \u00e9 ideal para a troca ou reposi\u00e7\u00e3o dos prisioneiros e porcas em ve\u00edculoS, garantindo a seguran\u00e7a e o bom desempenho da suspens\u00e3o. Composto por 4 prisioneiros e 4 porcas.<\/p>\n","protected":false},"excerpt":{"rendered":"<p>Especifica\u00e7\u00f5es do Produto:<\/p>\n<p>\u00a0<\/p>\n<p>&#8211;\u00a0<strong>Prisioneiros:<\/strong>\u00a0Dianteiro e Traseiro\u00a0KA\/ Courier\u00a0\/ Fiesta \/ Escort<\/p>\n<p>&#8211;\u00a0<strong>Porcas: <\/strong>Com Arruela C\u00f4nica Ford \/Chevrolet \/ Volkswagen \/Honda \/ Chery\u00a0<\/p>\n<p>&#8211; Bitola: M12<\/p>\n<p>&#8211; Rosca: 1.50mm\u00a0\u00a0<\/p>\n<p>&#8211; Comprimento Total: 32MM\u00a0<\/p>\n<p>&#8211; Comprimento Rosca 27MM\u00a0<\/p>\n<p>&#8211; Chave: 19mm<\/p>\n<p>&#8211; Acabamento: Cromado<\/p>\n<p>\u00a0<\/p>\n<p><strong>Conte\u00fado da Embalagem:<\/strong><\/p>\n<p>&#8211; 4 Prisioneiros<\/p>\n<p>&#8211; 4 Porcas<\/p>\n","protected":false},"featured_media":27332,"comment_status":"open","ping_status":"closed","template":"","meta":[],"product_cat":[681,680],"product_tag":[],"class_list":{"0":"post-27335","1":"product","2":"type-product","3":"status-publish","4":"has-post-thumbnail","6":"product_cat-kits-prisioneiros","7":"product_cat-prisioneiro","9":"first","10":"instock","11":"taxable","12":"shipping-taxable","13":"purchasable","14":"product-type-simple"},"_links":{"self":[{"href":"https:\/\/emblemax.com.br\/en\/wp-json\/wp\/v2\/product\/27335","targetHints":{"allow":["GET"]}}],"collection":[{"href":"https:\/\/emblemax.com.br\/en\/wp-json\/wp\/v2\/product"}],"about":[{"href":"https:\/\/emblemax.com.br\/en\/wp-json\/wp\/v2\/types\/product"}],"replies":[{"embeddable":true,"href":"https:\/\/emblemax.com.br\/en\/wp-json\/wp\/v2\/comments?post=27335"}],"wp:featuredmedia":[{"embeddable":true,"href":"https:\/\/emblemax.com.br\/en\/wp-json\/wp\/v2\/media\/27332"}],"wp:attachment":[{"href":"https:\/\/emblemax.com.br\/en\/wp-json\/wp\/v2\/media?parent=27335"}],"wp:term":[{"taxonomy":"product_cat","embeddable":true,"href":"https:\/\/emblemax.com.br\/en\/wp-json\/wp\/v2\/product_cat?post=27335"},{"taxonomy":"product_tag","embeddable":true,"href":"https:\/\/emblemax.com.br\/en\/wp-json\/wp\/v2\/product_tag?post=27335"}],"curies":[{"name":"wp","href":"https:\/\/api.w.org\/{rel}","templated":true}]}}