{"id":27358,"date":"2025-01-30T14:51:44","date_gmt":"2025-01-30T17:51:44","guid":{"rendered":"https:\/\/emblemax.com.br\/produto\/kit-prisioneiro-dia-tra-ka-courier-fiesta-escort-4-pcs-5\/"},"modified":"2025-04-10T15:37:01","modified_gmt":"2025-04-10T18:37:01","slug":"kit-prisioneiro-dia-tra-ka-courier-fiesta-escort-4-pcs-5","status":"publish","type":"product","link":"https:\/\/emblemax.com.br\/en\/produto\/kit-prisioneiro-dia-tra-ka-courier-fiesta-escort-4-pcs-5\/","title":{"rendered":"KIT PRISIONEIRO DIA\/TRA KA\/COURIER\/FIESTA\/ESCORT  (4 P\u00c7S)"},"content":{"rendered":"<p>Este kit completo \u00e9 ideal para a troca ou reposi\u00e7\u00e3o dos prisioneiros e porcas em ve\u00edculoS, garantindo a seguran\u00e7a e o bom desempenho da suspens\u00e3o. Composto por 4 prisioneiros e 4 porcas.<\/p>\n","protected":false},"excerpt":{"rendered":"<p>Especifica\u00e7\u00f5es do Produto:<\/p>\n<p>Prisioneiro:<br \/>\n&#8211;\u00a0Prisioneiros:\u00a0Dianteiro e Traseiro\u00a0Ford Ka \/ Courier\u00a0\/ Fiesta \/ Escort<br \/>\n&#8211; Bitola: M12<br \/>\n&#8211; Rosca: 1.25mm<br \/>\n&#8211; Comprimento Total: 45mm<br \/>\n&#8211; Comprimento Rosca: 25mm<\/p>\n<p>Porca:<br \/>\n&#8211;\u00a0Porcas:\u00a0\u00a0Ford \/Chevrolet \/ Volkswagen \/Honda \/ Chery<br \/>\n&#8211; Bitola: M12<br \/>\n&#8211; Rosca: 1.25mm<br \/>\n&#8211; Comprimento Total: 30mm<br \/>\n&#8211; Comprimento Rosca: 28mm<br \/>\n&#8211; Chave: 19mm<br \/>\n&#8211; Acabamento: Cromado<\/p>\n<p>Conte\u00fado da Embalagem:<br \/>\n&#8211; 4 Prisioneiros<br \/>\n&#8211; 4 Porcas<\/p>\n","protected":false},"featured_media":27355,"comment_status":"open","ping_status":"closed","template":"","meta":[],"product_cat":[681,680],"product_tag":[],"class_list":{"0":"post-27358","1":"product","2":"type-product","3":"status-publish","4":"has-post-thumbnail","6":"product_cat-kits-prisioneiros","7":"product_cat-prisioneiro","9":"first","10":"instock","11":"taxable","12":"shipping-taxable","13":"purchasable","14":"product-type-simple"},"_links":{"self":[{"href":"https:\/\/emblemax.com.br\/en\/wp-json\/wp\/v2\/product\/27358","targetHints":{"allow":["GET"]}}],"collection":[{"href":"https:\/\/emblemax.com.br\/en\/wp-json\/wp\/v2\/product"}],"about":[{"href":"https:\/\/emblemax.com.br\/en\/wp-json\/wp\/v2\/types\/product"}],"replies":[{"embeddable":true,"href":"https:\/\/emblemax.com.br\/en\/wp-json\/wp\/v2\/comments?post=27358"}],"wp:featuredmedia":[{"embeddable":true,"href":"https:\/\/emblemax.com.br\/en\/wp-json\/wp\/v2\/media\/27355"}],"wp:attachment":[{"href":"https:\/\/emblemax.com.br\/en\/wp-json\/wp\/v2\/media?parent=27358"}],"wp:term":[{"taxonomy":"product_cat","embeddable":true,"href":"https:\/\/emblemax.com.br\/en\/wp-json\/wp\/v2\/product_cat?post=27358"},{"taxonomy":"product_tag","embeddable":true,"href":"https:\/\/emblemax.com.br\/en\/wp-json\/wp\/v2\/product_tag?post=27358"}],"curies":[{"name":"wp","href":"https:\/\/api.w.org\/{rel}","templated":true}]}}