{"id":28201,"date":"2025-04-10T16:34:20","date_gmt":"2025-04-10T19:34:20","guid":{"rendered":"https:\/\/emblemax.com.br\/produto\/kit-porca-opl-car-80-c10-d10-ant-ch19-7-16x20unf-4-pcs\/"},"modified":"2025-04-10T16:44:28","modified_gmt":"2025-04-10T19:44:28","slug":"kit-porca-opl-car-80-c10-d10-ant-ch19-7-16x20unf-4-pcs","status":"publish","type":"product","link":"https:\/\/emblemax.com.br\/en\/produto\/kit-porca-opl-car-80-c10-d10-ant-ch19-7-16x20unf-4-pcs\/","title":{"rendered":"KIT PORCA OPL CAR.80\/C10\/D10 ANT CH19 7\/16X20UNF (4 P\u00c7S)"},"content":{"rendered":"<p>Este kit completo \u00e9 ideal para a troca ou reposi\u00e7\u00e3o das porcas em ve\u00edculos, garantindo a seguran\u00e7a e o bom desempenho da suspens\u00e3o. Composto por 4 porcas.<\/p>\n","protected":false},"excerpt":{"rendered":"<p><strong>Especifica\u00e7\u00f5es do Produto:<\/strong><\/p>\n<p>\u00a0<\/p>\n<p>&#8211;\u00a0<strong>Porca: <\/strong>GM<\/p>\n<p>&#8211; Aplica\u00e7\u00e3o: Opala 1980 \/ C10 \/ D10 Antiga<\/p>\n<p>&#8211; Bitola: 7\/16<\/p>\n<p>&#8211; Rosca: 20UNF<\/p>\n<p>&#8211; Comprimento Total: 35mm<\/p>\n<p>&#8211; Comprimento Rosca: 30mm<\/p>\n<p>&#8211; Chave: 19mm<\/p>\n<p>&#8211; Acabamento: Cromada<\/p>\n<p>\u00a0<\/p>\n<p><strong>Conte\u00fado da Embalagem:<\/strong><\/p>\n<p>&#8211; 4 Porcas<\/p>\n","protected":false},"featured_media":28198,"comment_status":"open","ping_status":"closed","template":"","meta":[],"product_cat":[719,714],"product_tag":[],"class_list":{"0":"post-28201","1":"product","2":"type-product","3":"status-publish","4":"has-post-thumbnail","6":"product_cat-kit-porcas","7":"product_cat-porcas","9":"first","10":"instock","11":"taxable","12":"shipping-taxable","13":"purchasable","14":"product-type-simple"},"_links":{"self":[{"href":"https:\/\/emblemax.com.br\/en\/wp-json\/wp\/v2\/product\/28201","targetHints":{"allow":["GET"]}}],"collection":[{"href":"https:\/\/emblemax.com.br\/en\/wp-json\/wp\/v2\/product"}],"about":[{"href":"https:\/\/emblemax.com.br\/en\/wp-json\/wp\/v2\/types\/product"}],"replies":[{"embeddable":true,"href":"https:\/\/emblemax.com.br\/en\/wp-json\/wp\/v2\/comments?post=28201"}],"wp:featuredmedia":[{"embeddable":true,"href":"https:\/\/emblemax.com.br\/en\/wp-json\/wp\/v2\/media\/28198"}],"wp:attachment":[{"href":"https:\/\/emblemax.com.br\/en\/wp-json\/wp\/v2\/media?parent=28201"}],"wp:term":[{"taxonomy":"product_cat","embeddable":true,"href":"https:\/\/emblemax.com.br\/en\/wp-json\/wp\/v2\/product_cat?post=28201"},{"taxonomy":"product_tag","embeddable":true,"href":"https:\/\/emblemax.com.br\/en\/wp-json\/wp\/v2\/product_tag?post=28201"}],"curies":[{"name":"wp","href":"https:\/\/api.w.org\/{rel}","templated":true}]}}