{"id":28221,"date":"2025-04-10T16:34:35","date_gmt":"2025-04-10T19:34:35","guid":{"rendered":"https:\/\/emblemax.com.br\/produto\/kit-porca-kombi-edge-14-must-15-ch19-m14x15-4-pcs\/"},"modified":"2025-11-04T13:20:48","modified_gmt":"2025-11-04T16:20:48","slug":"kit-porca-kombi-edge-14-must-15-ch19-m14x15-4-pcs","status":"publish","type":"product","link":"https:\/\/emblemax.com.br\/en\/produto\/kit-porca-kombi-edge-14-must-15-ch19-m14x15-4-pcs\/","title":{"rendered":"KIT PORCA KOMBI\/ EDGE\/ 14- MUST\/ 15 CH19 M14X1,5 (4 P\u00c7S)"},"content":{"rendered":"<p>Este kit completo \u00e9 ideal para a troca ou reposi\u00e7\u00e3o das porcas em ve\u00edculos, garantindo a seguran\u00e7a e o bom desempenho da suspens\u00e3o. Composto por 4 porcas.<\/p>\n","protected":false},"excerpt":{"rendered":"<p><strong>Especifica\u00e7\u00f5es do Produto:<\/strong><\/p>\n<p>\u00a0<\/p>\n<p>&#8211;\u00a0<strong>Porca: <\/strong>Volks<\/p>\n<p>&#8211; Aplica\u00e7\u00e3o:\u00a0Kombi \/ Edge 2014 \/ Mustabg 2015<\/p>\n<p>&#8211; Bitola: M14<\/p>\n<p>&#8211; Rosca: 1.5MM\u00a0<\/p>\n<p>&#8211; Comprimento Total: 35mm<\/p>\n<p>&#8211; Comprimento Rosca: 30mm<\/p>\n<p>&#8211; Chave: 19mm<\/p>\n<p>&#8211; Acabamento: Cromada<\/p>\n<p>\u00a0<\/p>\n<p><strong>Conte\u00fado da Embalagem:<\/strong><\/p>\n<p>&#8211; 4 Porcas<\/p>\n","protected":false},"featured_media":28218,"comment_status":"open","ping_status":"closed","template":"","meta":[],"product_cat":[719,714],"product_tag":[],"class_list":{"0":"post-28221","1":"product","2":"type-product","3":"status-publish","4":"has-post-thumbnail","6":"product_cat-kit-porcas","7":"product_cat-porcas","9":"first","10":"instock","11":"taxable","12":"shipping-taxable","13":"purchasable","14":"product-type-simple"},"_links":{"self":[{"href":"https:\/\/emblemax.com.br\/en\/wp-json\/wp\/v2\/product\/28221","targetHints":{"allow":["GET"]}}],"collection":[{"href":"https:\/\/emblemax.com.br\/en\/wp-json\/wp\/v2\/product"}],"about":[{"href":"https:\/\/emblemax.com.br\/en\/wp-json\/wp\/v2\/types\/product"}],"replies":[{"embeddable":true,"href":"https:\/\/emblemax.com.br\/en\/wp-json\/wp\/v2\/comments?post=28221"}],"wp:featuredmedia":[{"embeddable":true,"href":"https:\/\/emblemax.com.br\/en\/wp-json\/wp\/v2\/media\/28218"}],"wp:attachment":[{"href":"https:\/\/emblemax.com.br\/en\/wp-json\/wp\/v2\/media?parent=28221"}],"wp:term":[{"taxonomy":"product_cat","embeddable":true,"href":"https:\/\/emblemax.com.br\/en\/wp-json\/wp\/v2\/product_cat?post=28221"},{"taxonomy":"product_tag","embeddable":true,"href":"https:\/\/emblemax.com.br\/en\/wp-json\/wp\/v2\/product_tag?post=28221"}],"curies":[{"name":"wp","href":"https:\/\/api.w.org\/{rel}","templated":true}]}}