{"id":28273,"date":"2025-04-10T17:03:56","date_gmt":"2025-04-10T20:03:56","guid":{"rendered":"https:\/\/emblemax.com.br\/produto\/kit-parafuso-vw-fox-ad-ch17-m14x15-4-pcs\/"},"modified":"2026-04-01T15:28:54","modified_gmt":"2026-04-01T18:28:54","slug":"kit-parafuso-vw-fox-ad-ch17-m14x15-4-pcs","status":"publish","type":"product","link":"https:\/\/emblemax.com.br\/en\/produto\/kit-parafuso-vw-fox-ad-ch17-m14x15-4-pcs\/","title":{"rendered":"KIT PARAFUSO VW\/FOX\/AD CH17 M14X1,5 (4 P\u00c7S)"},"content":{"rendered":"<p>Este kit completo \u00e9 ideal para a troca ou reposi\u00e7\u00e3o dos parafusos em ve\u00edculos, garantindo a seguran\u00e7a e o bom desempenho da suspens\u00e3o. Composto por 4 parafusos.<\/p>\n","protected":false},"excerpt":{"rendered":"<p><strong>Especifica\u00e7\u00f5es do Produto:<\/strong><\/p>\n<p>\u00a0<\/p>\n<p>&#8211;\u00a0<strong>Parafuso: <\/strong>Volks<\/p>\n<p>&#8211; Aplica\u00e7\u00e3o:\u00a0Crosfox \/ Fox \/ Spacecross \/ Bora \/ Golf \/ New Beetle \/ Audi<\/p>\n<p>&#8211; Bitola: M14<\/p>\n<p>&#8211; Rosca: 1.5MM\u00a0<\/p>\n<p>&#8211; Comprimento Total: 52mm<\/p>\n<p>&#8211; Comprimento Rosca: 28mm<\/p>\n<p>&#8211; Chave: 17mm<\/p>\n<p>&#8211; Acabamento: Cromada \/ C\u00f4nico<\/p>\n<p>\u00a0<\/p>\n<p><strong>Conte\u00fado da Embalagem:<\/strong><\/p>\n<p>&#8211; 4 Parafusos<\/p>\n","protected":false},"featured_media":28270,"comment_status":"open","ping_status":"closed","template":"","meta":[],"product_cat":[720,714],"product_tag":[],"class_list":{"0":"post-28273","1":"product","2":"type-product","3":"status-publish","4":"has-post-thumbnail","6":"product_cat-kit-parafusos","7":"product_cat-porcas","9":"first","10":"instock","11":"taxable","12":"shipping-taxable","13":"purchasable","14":"product-type-simple"},"_links":{"self":[{"href":"https:\/\/emblemax.com.br\/en\/wp-json\/wp\/v2\/product\/28273","targetHints":{"allow":["GET"]}}],"collection":[{"href":"https:\/\/emblemax.com.br\/en\/wp-json\/wp\/v2\/product"}],"about":[{"href":"https:\/\/emblemax.com.br\/en\/wp-json\/wp\/v2\/types\/product"}],"replies":[{"embeddable":true,"href":"https:\/\/emblemax.com.br\/en\/wp-json\/wp\/v2\/comments?post=28273"}],"wp:featuredmedia":[{"embeddable":true,"href":"https:\/\/emblemax.com.br\/en\/wp-json\/wp\/v2\/media\/28270"}],"wp:attachment":[{"href":"https:\/\/emblemax.com.br\/en\/wp-json\/wp\/v2\/media?parent=28273"}],"wp:term":[{"taxonomy":"product_cat","embeddable":true,"href":"https:\/\/emblemax.com.br\/en\/wp-json\/wp\/v2\/product_cat?post=28273"},{"taxonomy":"product_tag","embeddable":true,"href":"https:\/\/emblemax.com.br\/en\/wp-json\/wp\/v2\/product_tag?post=28273"}],"curies":[{"name":"wp","href":"https:\/\/api.w.org\/{rel}","templated":true}]}}