{"id":28409,"date":"2025-04-16T10:35:06","date_gmt":"2025-04-16T13:35:06","guid":{"rendered":"https:\/\/emblemax.com.br\/produto\/espacador-com-anel-centralizador-4x100-4x108-2-pcs\/"},"modified":"2026-04-06T12:12:36","modified_gmt":"2026-04-06T15:12:36","slug":"espacador-com-anel-centralizador-4x100-4x108-2-pcs","status":"publish","type":"product","link":"https:\/\/emblemax.com.br\/en\/produto\/espacador-com-anel-centralizador-4x100-4x108-2-pcs\/","title":{"rendered":"ESPA\u00c7ADOR COM ANEL CENTRALIZADOR 4X100 \/ 4X108 (2 P\u00c7S)"},"content":{"rendered":"<p>O espa\u00e7ador para rodas \u00e9 um acess\u00f3rio essencial para quem deseja melhorar a estabilidade e o desempenho do seu ve\u00edculo.<\/p>\n","protected":false},"excerpt":{"rendered":"<p><strong>Especifica\u00e7\u00f5es do Produto<\/strong><\/p>\n<p>Espa\u00e7ador\/Alargador de Rodas<\/p>\n<p><strong>Espessura:<\/strong> 13mm<\/p>\n<p><strong>Di\u00e2metro Externo:<\/strong> 134mm<\/p>\n<p><strong>Di\u00e2metro Central por fora:<\/strong> 48mm<\/p>\n<p><strong>Di\u00e2metro Central por dentro:<\/strong> 72.65mm<\/p>\n<p><strong>Di\u00e2metro Da Fura\u00e7\u00e3o da Rosca<\/strong>: 11mm<\/p>\n<p><strong>Aplica\u00e7\u00e3o:<\/strong> Para Rodas 4X100 E 4X108 &#8211; FIAT \/ VOLKS \/ GM \/ FORD \/ TOYOTA 4 FUROS &#8211; FABRICADO PARA USO DE ANEL CENTRALIZADOR COM DIAMETRO EXTERNO 72.65MM<\/p>\n<p><strong>Conte\u00fado da embalagem:<\/strong> 2 pe\u00e7as<\/p>\n","protected":false},"featured_media":29231,"comment_status":"open","ping_status":"closed","template":"","meta":[],"product_cat":[661],"product_tag":[],"class_list":{"0":"post-28409","1":"product","2":"type-product","3":"status-publish","4":"has-post-thumbnail","6":"product_cat-espacadores","8":"first","9":"instock","10":"taxable","11":"shipping-taxable","12":"purchasable","13":"product-type-simple"},"_links":{"self":[{"href":"https:\/\/emblemax.com.br\/en\/wp-json\/wp\/v2\/product\/28409","targetHints":{"allow":["GET"]}}],"collection":[{"href":"https:\/\/emblemax.com.br\/en\/wp-json\/wp\/v2\/product"}],"about":[{"href":"https:\/\/emblemax.com.br\/en\/wp-json\/wp\/v2\/types\/product"}],"replies":[{"embeddable":true,"href":"https:\/\/emblemax.com.br\/en\/wp-json\/wp\/v2\/comments?post=28409"}],"wp:featuredmedia":[{"embeddable":true,"href":"https:\/\/emblemax.com.br\/en\/wp-json\/wp\/v2\/media\/29231"}],"wp:attachment":[{"href":"https:\/\/emblemax.com.br\/en\/wp-json\/wp\/v2\/media?parent=28409"}],"wp:term":[{"taxonomy":"product_cat","embeddable":true,"href":"https:\/\/emblemax.com.br\/en\/wp-json\/wp\/v2\/product_cat?post=28409"},{"taxonomy":"product_tag","embeddable":true,"href":"https:\/\/emblemax.com.br\/en\/wp-json\/wp\/v2\/product_tag?post=28409"}],"curies":[{"name":"wp","href":"https:\/\/api.w.org\/{rel}","templated":true}]}}