{"id":28484,"date":"2025-04-17T13:24:53","date_gmt":"2025-04-17T16:24:53","guid":{"rendered":"https:\/\/emblemax.com.br\/produto\/parafuso-de-roda-castelinho-m12x1-50x23-ch-17-16-pcs\/"},"modified":"2025-04-17T13:39:04","modified_gmt":"2025-04-17T16:39:04","slug":"parafuso-de-roda-castelinho-m12x1-50x23-ch-17-16-pcs","status":"publish","type":"product","link":"https:\/\/emblemax.com.br\/en\/produto\/parafuso-de-roda-castelinho-m12x1-50x23-ch-17-16-pcs\/","title":{"rendered":"PARAFUSO DE RODA CASTELINHO M12X1.50X23 CH 17 (16 PCS)"},"content":{"rendered":"<p>Transforme a performance do seu carro com nosso parafuso, projetado para garantir uma fixa\u00e7\u00e3o segura e eficaz nas rodas, proporcionando estabilidade e seguran\u00e7a em cada viagem.<\/p>\n","protected":false},"excerpt":{"rendered":"<p><strong>Descri\u00e7\u00e3o do Produto<\/strong><\/p>\n<p><strong>Bitola:<\/strong> M12<br \/>\n<strong>Rosca:<\/strong> 1.50<br \/>\n<strong>Comprimento Total:<\/strong> 50mm<br \/>\n<strong>Comprimento da Rosca:<\/strong> 23mm<br \/>\n<strong>Chave:<\/strong> 17mm<br \/>\n<strong>Assentamento<\/strong>: C\u00f4nico<br \/>\n<strong>Quantidade no Jogo:<\/strong>\u00a016 Pe\u00e7as<br \/>\n<strong>Acabamento:<\/strong> Zincado<\/p>\n<p><strong>Aplica\u00e7\u00e3o<\/strong>: Clio \/ Sandero \/ Logan \/ Dustaer \/ Megane \/ Fluence \/ Gran Scenic &#8211; Dianteira e Traseira<br \/>\nLinha GM: Agile \/ Zafira \/ Classic \/ Corsa \/ Meriva \/ Montana \/ Vectra<\/p>\n","protected":false},"featured_media":28602,"comment_status":"open","ping_status":"closed","template":"","meta":[],"product_cat":[714,724],"product_tag":[],"class_list":{"0":"post-28484","1":"product","2":"type-product","3":"status-publish","4":"has-post-thumbnail","6":"product_cat-porcas","7":"product_cat-parafusos-zincados","9":"first","10":"instock","11":"taxable","12":"shipping-taxable","13":"purchasable","14":"product-type-simple"},"_links":{"self":[{"href":"https:\/\/emblemax.com.br\/en\/wp-json\/wp\/v2\/product\/28484","targetHints":{"allow":["GET"]}}],"collection":[{"href":"https:\/\/emblemax.com.br\/en\/wp-json\/wp\/v2\/product"}],"about":[{"href":"https:\/\/emblemax.com.br\/en\/wp-json\/wp\/v2\/types\/product"}],"replies":[{"embeddable":true,"href":"https:\/\/emblemax.com.br\/en\/wp-json\/wp\/v2\/comments?post=28484"}],"wp:featuredmedia":[{"embeddable":true,"href":"https:\/\/emblemax.com.br\/en\/wp-json\/wp\/v2\/media\/28602"}],"wp:attachment":[{"href":"https:\/\/emblemax.com.br\/en\/wp-json\/wp\/v2\/media?parent=28484"}],"wp:term":[{"taxonomy":"product_cat","embeddable":true,"href":"https:\/\/emblemax.com.br\/en\/wp-json\/wp\/v2\/product_cat?post=28484"},{"taxonomy":"product_tag","embeddable":true,"href":"https:\/\/emblemax.com.br\/en\/wp-json\/wp\/v2\/product_tag?post=28484"}],"curies":[{"name":"wp","href":"https:\/\/api.w.org\/{rel}","templated":true}]}}