{"id":28815,"date":"2025-09-02T15:04:23","date_gmt":"2025-09-02T18:04:23","guid":{"rendered":"https:\/\/emblemax.com.br\/produto\/espacador-p-rodas-5x112x15-2-pcs\/"},"modified":"2025-09-04T12:11:57","modified_gmt":"2025-09-04T15:11:57","slug":"espacador-p-rodas-5x112x15-2-pcs","status":"publish","type":"product","link":"https:\/\/emblemax.com.br\/en\/produto\/espacador-p-rodas-5x112x15-2-pcs\/","title":{"rendered":"ESPA\u00c7ADOR P\/ RODAS 5X112X15 (2 PCS)"},"content":{"rendered":"<p>O espa\u00e7ador para rodas \u00e9 um acess\u00f3rio essencial para quem deseja melhorar a estabilidade e o desempenho do seu ve\u00edculo.<\/p>\n","protected":false},"excerpt":{"rendered":"<p><strong>Especifica\u00e7\u00f5es do Produto<\/strong><\/p>\n<p>Espa\u00e7ador\/Alargador de Rodas<\/p>\n<p><strong>Espessura: <\/strong>15mm<\/p>\n<p><strong>Di\u00e2metro Externo: <\/strong>140mm<\/p>\n<p><strong>Di\u00e2metro Central por fora: <\/strong>57.10mm<\/p>\n<p><strong>Di\u00e2metro Central por dentro: <\/strong>66.6mm<\/p>\n<p><strong>Di\u00e2metro Da Fura\u00e7\u00e3o da Rosca:\u00a0<\/strong><\/p>\n<p><strong>Para Rodas\u00a0<\/strong><strong>5X112<\/strong><\/p>\n<p><strong>Conte\u00fado da embalagem:<\/strong> 2 pe\u00e7as<\/p>\n<p><strong>Principais Carros<\/strong>: BMW a partir 2018 \/ MRCS \/ AD (TODAS) &#8211; Espa\u00e7ador com di\u00e2metro ORIGINAL de 66,6mm. Para outras op\u00e7\u00f5es de adapta\u00e7\u00e3o (71.9mm, 72.65mm e 73mm).<\/p>\n","protected":false},"featured_media":28854,"comment_status":"open","ping_status":"closed","template":"","meta":[],"product_cat":[661],"product_tag":[],"class_list":{"0":"post-28815","1":"product","2":"type-product","3":"status-publish","4":"has-post-thumbnail","6":"product_cat-espacadores","8":"first","9":"instock","10":"taxable","11":"shipping-taxable","12":"purchasable","13":"product-type-simple"},"_links":{"self":[{"href":"https:\/\/emblemax.com.br\/en\/wp-json\/wp\/v2\/product\/28815","targetHints":{"allow":["GET"]}}],"collection":[{"href":"https:\/\/emblemax.com.br\/en\/wp-json\/wp\/v2\/product"}],"about":[{"href":"https:\/\/emblemax.com.br\/en\/wp-json\/wp\/v2\/types\/product"}],"replies":[{"embeddable":true,"href":"https:\/\/emblemax.com.br\/en\/wp-json\/wp\/v2\/comments?post=28815"}],"wp:featuredmedia":[{"embeddable":true,"href":"https:\/\/emblemax.com.br\/en\/wp-json\/wp\/v2\/media\/28854"}],"wp:attachment":[{"href":"https:\/\/emblemax.com.br\/en\/wp-json\/wp\/v2\/media?parent=28815"}],"wp:term":[{"taxonomy":"product_cat","embeddable":true,"href":"https:\/\/emblemax.com.br\/en\/wp-json\/wp\/v2\/product_cat?post=28815"},{"taxonomy":"product_tag","embeddable":true,"href":"https:\/\/emblemax.com.br\/en\/wp-json\/wp\/v2\/product_tag?post=28815"}],"curies":[{"name":"wp","href":"https:\/\/api.w.org\/{rel}","templated":true}]}}