{"id":28908,"date":"2025-09-05T09:18:08","date_gmt":"2025-09-05T12:18:08","guid":{"rendered":"https:\/\/emblemax.com.br\/produto\/parafuso-de-roda-crom-multi-hiperlongo-m12x1-5x50-5-pcs\/"},"modified":"2025-09-05T09:36:15","modified_gmt":"2025-09-05T12:36:15","slug":"parafuso-de-roda-crom-multi-hiperlongo-m12x1-5x50-5-pcs","status":"publish","type":"product","link":"https:\/\/emblemax.com.br\/en\/produto\/parafuso-de-roda-crom-multi-hiperlongo-m12x1-5x50-5-pcs\/","title":{"rendered":"PARAFUSO DE RODA CROM. MULTI HIPERLONGO M12X1.5X50 (5 PCS)"},"content":{"rendered":"<p>Transforme a performance do seu carro com nosso parafuso, projetado para garantir uma fixa\u00e7\u00e3o segura e eficaz nas rodas, proporcionando estabilidade e seguran\u00e7a em cada viagem.<\/p>\n","protected":false},"excerpt":{"rendered":"<p><strong data-start=\"91\" data-end=\"121\">Especifica\u00e7\u00f5es do Produto:<br \/><\/strong><br data-start=\"121\" data-end=\"124\" \/><strong data-start=\"127\" data-end=\"138\">Bitola:<\/strong> M12<br data-start=\"142\" data-end=\"145\" \/><strong data-start=\"148\" data-end=\"158\">Rosca:<\/strong> 1,50 mm<br data-start=\"166\" data-end=\"169\" \/><strong data-start=\"172\" data-end=\"194\">Comprimento total:<\/strong> 77 mm<br data-start=\"200\" data-end=\"203\" \/><strong data-start=\"206\" data-end=\"231\">Comprimento da rosca:<\/strong> 50 mm<br data-start=\"237\" data-end=\"240\" \/><strong data-start=\"243\" data-end=\"253\">Chave:<\/strong> 17<br data-start=\"256\" data-end=\"259\" \/><strong data-start=\"261\" data-end=\"276\">Acabamento:<\/strong> Cromado<br data-start=\"284\" data-end=\"287\" \/><strong data-start=\"290\" data-end=\"316\">Conte\u00fado da embalagem:<\/strong> Jogo com 5 pe\u00e7as<\/p>\n<p><strong>ATEN\u00c7\u00c3O:<\/strong><\/p>\n<p>Esses parafusos s\u00e3o espec\u00edficos para serem utilizados junto com os espa\u00e7adores, devido ao seu comprimento.<\/p>\n<p>Espa\u00e7adores: 10500 6 &#8211; 10500 7 &#8211; 10500 8 &#8211; 10500 9 &#8211; 10500 10 &#8211; 10500 11<\/p>\n<p>PARAFUSO CONICO &#8211; M12X1.50 &#8211; CHAVE 17MM &#8211; 5 PE\u00c7AS &#8211; PARA GOL \/ VOYAGE \/ SANTANA \/ PARATI \/ QUANTUM \/ CELTA \/ CORSA \/ TIGRA \/ ASTRA \/ PRISMA \/ CLASSIC\u00a0<\/p>\n","protected":false},"featured_media":28905,"comment_status":"open","ping_status":"closed","template":"","meta":[],"product_cat":[723,714],"product_tag":[],"class_list":{"0":"post-28908","1":"product","2":"type-product","3":"status-publish","4":"has-post-thumbnail","6":"product_cat-parafusos-cromados","7":"product_cat-porcas","9":"first","10":"instock","11":"taxable","12":"shipping-taxable","13":"purchasable","14":"product-type-simple"},"_links":{"self":[{"href":"https:\/\/emblemax.com.br\/en\/wp-json\/wp\/v2\/product\/28908","targetHints":{"allow":["GET"]}}],"collection":[{"href":"https:\/\/emblemax.com.br\/en\/wp-json\/wp\/v2\/product"}],"about":[{"href":"https:\/\/emblemax.com.br\/en\/wp-json\/wp\/v2\/types\/product"}],"replies":[{"embeddable":true,"href":"https:\/\/emblemax.com.br\/en\/wp-json\/wp\/v2\/comments?post=28908"}],"wp:featuredmedia":[{"embeddable":true,"href":"https:\/\/emblemax.com.br\/en\/wp-json\/wp\/v2\/media\/28905"}],"wp:attachment":[{"href":"https:\/\/emblemax.com.br\/en\/wp-json\/wp\/v2\/media?parent=28908"}],"wp:term":[{"taxonomy":"product_cat","embeddable":true,"href":"https:\/\/emblemax.com.br\/en\/wp-json\/wp\/v2\/product_cat?post=28908"},{"taxonomy":"product_tag","embeddable":true,"href":"https:\/\/emblemax.com.br\/en\/wp-json\/wp\/v2\/product_tag?post=28908"}],"curies":[{"name":"wp","href":"https:\/\/api.w.org\/{rel}","templated":true}]}}