{"id":29377,"date":"2026-03-16T11:02:12","date_gmt":"2026-03-16T14:02:12","guid":{"rendered":"https:\/\/emblemax.com.br\/produto\/kit-bandeira-eua-emblema-paralama-united-states\/"},"modified":"2026-03-16T11:10:47","modified_gmt":"2026-03-16T14:10:47","slug":"kit-bandeira-eua-emblema-paralama-united-states","status":"publish","type":"product","link":"https:\/\/emblemax.com.br\/en\/produto\/kit-bandeira-eua-emblema-paralama-united-states\/","title":{"rendered":"Kit Bandeira EUA + Emblema Paralama United States"},"content":{"rendered":"<p>\u2022 Produto novo<br data-start=\"443\" data-end=\"446\" \/>\u2022 F\u00e1cil instala\u00e7\u00e3o<br data-start=\"464\" data-end=\"467\" \/>\u2022 N\u00e3o precisa furar<br data-start=\"486\" data-end=\"489\" \/>\u2022 Alta durabilidade<\/p>\n","protected":false},"excerpt":{"rendered":"<p data-start=\"126\" data-end=\"251\">Kit completo para personaliza\u00e7\u00e3o automotiva com acabamento premium, ideal para quem busca um visual esportivo e diferenciado.<\/p>\n<p data-start=\"126\" data-end=\"251\">\u00a0<\/p>\n<p data-start=\"253\" data-end=\"391\"><span data-start=\"256\" data-end=\"280\">&#8211;\u00a0<\/span><strong data-start=\"256\" data-end=\"280\">Material do Paralama:<\/strong> Alum\u00ednio com acabamento em alto relevo, alto brilho.<br data-start=\"304\" data-end=\"307\" \/><strong data-start=\"310\" data-end=\"322\">&#8211; Fixa\u00e7\u00e3o:<\/strong> Fita dupla face 3M (j\u00e1 aplicada no verso)<br data-start=\"365\" data-end=\"368\" \/><\/p>\n<p data-start=\"253\" data-end=\"391\">\u00a0<\/p>\n<p data-start=\"253\" data-end=\"391\"><strong data-start=\"256\" data-end=\"280\">&#8211; Material da Bandeira:\u00a0<\/strong>Poli\u00e9ster com acabamento resinado, impress\u00e3o digital e \u00e0 prova d\u2019\u00e1gua.<\/p>\n<p data-start=\"253\" data-end=\"391\">&#8211;\u00a0<strong data-start=\"310\" data-end=\"322\">Fixa\u00e7\u00e3o: <\/strong>Autocolante<\/p>\n<p data-start=\"253\" data-end=\"391\">\u00a0<\/p>\n<p data-start=\"253\" data-end=\"391\"><strong data-start=\"311\" data-end=\"324\">&#8211; Conte\u00fado:<\/strong><br data-start=\"324\" data-end=\"327\" \/>01 Bandeira + 04 Emblemas (2 paralama e 2 coluna)<\/p>\n<p data-start=\"253\" data-end=\"391\">\u00a0<\/p>\n<p data-start=\"393\" data-end=\"422\"><strong data-start=\"396\" data-end=\"420\">&#8211; Medidas aproximadas:<\/strong><\/p>\n<ul data-start=\"423\" data-end=\"573\">\n<li data-start=\"423\" data-end=\"460\">\n<p data-start=\"425\" data-end=\"460\"><strong data-start=\"425\" data-end=\"446\">Emblema Paralama:<\/strong> 5 cm x 5 cm<\/p>\n<\/li>\n<li data-start=\"461\" data-end=\"519\">\n<p data-start=\"463\" data-end=\"519\"><strong data-start=\"463\" data-end=\"482\">Emblema Coluna:<\/strong> 1,5 cm (altura) x 4,0 cm (largura)<\/p>\n<\/li>\n<li data-start=\"520\" data-end=\"573\">\n<p data-start=\"522\" data-end=\"573\"><strong data-start=\"522\" data-end=\"555\">Adesivo Bandeira da EUA:<\/strong> 7,5 cm x 4,8 cm<\/p>\n<\/li>\n<\/ul>\n<p data-start=\"575\" data-end=\"725\"><strong data-start=\"577\" data-end=\"597\">&#8211; Caracter\u00edsticas:<\/strong><br data-start=\"597\" data-end=\"600\" \/>\u2714 Alta qualidade<br data-start=\"616\" data-end=\"619\" \/>\u2714 Super resistente<br data-start=\"637\" data-end=\"640\" \/>\u2714 Impress\u00e3o digital de alta precis\u00e3o<br data-start=\"676\" data-end=\"679\" \/>\u2714 Produto \u00e0 prova d\u2019\u00e1gua<br data-start=\"703\" data-end=\"706\" \/>\u2714 F\u00e1cil aplica\u00e7\u00e3o<\/p>\n<p data-start=\"575\" data-end=\"725\">\u00a0<\/p>\n<p>\u00a0<\/p>\n<p data-start=\"727\" data-end=\"796\"><strong>Ideal para aplica\u00e7\u00e3o em paralamas, coluna ou outras \u00e1reas do ve\u00edculo.<\/strong><\/p>\n","protected":false},"featured_media":29374,"comment_status":"open","ping_status":"closed","template":"","meta":[],"product_cat":[642,747],"product_tag":[],"class_list":{"0":"post-29377","1":"product","2":"type-product","3":"status-publish","4":"has-post-thumbnail","6":"product_cat-acessorios-2","7":"product_cat-kit-adesivos","9":"first","10":"instock","11":"taxable","12":"shipping-taxable","13":"purchasable","14":"product-type-simple"},"_links":{"self":[{"href":"https:\/\/emblemax.com.br\/en\/wp-json\/wp\/v2\/product\/29377","targetHints":{"allow":["GET"]}}],"collection":[{"href":"https:\/\/emblemax.com.br\/en\/wp-json\/wp\/v2\/product"}],"about":[{"href":"https:\/\/emblemax.com.br\/en\/wp-json\/wp\/v2\/types\/product"}],"replies":[{"embeddable":true,"href":"https:\/\/emblemax.com.br\/en\/wp-json\/wp\/v2\/comments?post=29377"}],"wp:featuredmedia":[{"embeddable":true,"href":"https:\/\/emblemax.com.br\/en\/wp-json\/wp\/v2\/media\/29374"}],"wp:attachment":[{"href":"https:\/\/emblemax.com.br\/en\/wp-json\/wp\/v2\/media?parent=29377"}],"wp:term":[{"taxonomy":"product_cat","embeddable":true,"href":"https:\/\/emblemax.com.br\/en\/wp-json\/wp\/v2\/product_cat?post=29377"},{"taxonomy":"product_tag","embeddable":true,"href":"https:\/\/emblemax.com.br\/en\/wp-json\/wp\/v2\/product_tag?post=29377"}],"curies":[{"name":"wp","href":"https:\/\/api.w.org\/{rel}","templated":true}]}}