{"id":15963,"date":"2024-10-11T16:10:43","date_gmt":"2024-10-11T19:10:43","guid":{"rendered":"https:\/\/emblemax.com.br\/produto\/anti-furto-m12x15-chave-17-5-pcs\/"},"modified":"2026-02-20T08:06:42","modified_gmt":"2026-02-20T11:06:42","slug":"anti-furto-m12x15-chave-17-5-pcs","status":"publish","type":"product","link":"https:\/\/emblemax.com.br\/es\/produto\/anti-furto-m12x15-chave-17-5-pcs\/","title":{"rendered":"ANTI FURTO PARAFUSO PARA RODA M12X1,5 CHAVE 17 (5 P\u00c7S)"},"content":{"rendered":"<p>Proteja seu ve\u00edculo com nosso eficiente Kit Anti-Furto, que vem com 5 pe\u00e7as projetadas para oferecer seguran\u00e7a m\u00e1xima. Este sistema de travas especiais \u00e9 ideal para evitar roubos de rodas e componentes importantes.<\/p>\n","protected":false},"excerpt":{"rendered":"<p>\u2013 Seguran\u00e7a Refor\u00e7ada: Design exclusivo que impede o uso de ferramentas comuns.<\/p>\n<p>\u2013 Material Resistente: A\u00e7o de alta qualidade, dur\u00e1vel e resistente \u00e0 corros\u00e3o.<\/p>\n<p>\u2013 Instala\u00e7\u00e3o R\u00e1pida: Inclui <span style=\"text-decoration: underline\"><strong>chave 17<\/strong><\/span> especial para f\u00e1cil instala\u00e7\u00e3o e remo\u00e7\u00e3o.<\/p>\n<p>\u2013 Compat\u00edvel: Perfeito para rodas com rosca <span style=\"text-decoration: underline\"><strong>M12x1.5<\/strong><\/span>, adequado.<\/p>\n<p>\u2013 Discreto: Integra-se perfeitamente ao visual do seu carro.<\/p>\n","protected":false},"featured_media":21564,"comment_status":"open","ping_status":"closed","template":"","meta":[],"product_cat":[745],"product_tag":[],"class_list":{"0":"post-15963","1":"product","2":"type-product","3":"status-publish","4":"has-post-thumbnail","6":"product_cat-anti-furto","8":"first","9":"instock","10":"taxable","11":"shipping-taxable","12":"purchasable","13":"product-type-simple"},"_links":{"self":[{"href":"https:\/\/emblemax.com.br\/es\/wp-json\/wp\/v2\/product\/15963","targetHints":{"allow":["GET"]}}],"collection":[{"href":"https:\/\/emblemax.com.br\/es\/wp-json\/wp\/v2\/product"}],"about":[{"href":"https:\/\/emblemax.com.br\/es\/wp-json\/wp\/v2\/types\/product"}],"replies":[{"embeddable":true,"href":"https:\/\/emblemax.com.br\/es\/wp-json\/wp\/v2\/comments?post=15963"}],"wp:featuredmedia":[{"embeddable":true,"href":"https:\/\/emblemax.com.br\/es\/wp-json\/wp\/v2\/media\/21564"}],"wp:attachment":[{"href":"https:\/\/emblemax.com.br\/es\/wp-json\/wp\/v2\/media?parent=15963"}],"wp:term":[{"taxonomy":"product_cat","embeddable":true,"href":"https:\/\/emblemax.com.br\/es\/wp-json\/wp\/v2\/product_cat?post=15963"},{"taxonomy":"product_tag","embeddable":true,"href":"https:\/\/emblemax.com.br\/es\/wp-json\/wp\/v2\/product_tag?post=15963"}],"curies":[{"name":"wp","href":"https:\/\/api.w.org\/{rel}","templated":true}]}}