{"id":19764,"date":"2024-11-22T12:24:56","date_gmt":"2024-11-22T15:24:56","guid":{"rendered":"https:\/\/emblemax.com.br\/produto\/porca-zincada-para-roda-de-ferro-kombi-cliper-ch19-m14x15-5-pcs\/"},"modified":"2025-01-21T13:30:06","modified_gmt":"2025-01-21T16:30:06","slug":"porca-zincada-para-roda-de-ferro-kombi-cliper-ch19-m14x15-5-pcs","status":"publish","type":"product","link":"https:\/\/emblemax.com.br\/es\/produto\/porca-zincada-para-roda-de-ferro-kombi-cliper-ch19-m14x15-5-pcs\/","title":{"rendered":"PORCA ZINCADA PARA RODA DE FERRO CH19 M14X1,5 (5 P\u00c7S)"},"content":{"rendered":"<p>Eleve a seguran\u00e7a do seu ve\u00edculo com nossas porcas de alta qualidade, projetadas para garantir um encaixe perfeito e duradouro, mantendo suas rodas firmes e est\u00e1veis em todas as estradas.<\/p>\n","protected":false},"excerpt":{"rendered":"<p><strong>Especifica\u00e7\u00f5es do Produto:<\/strong><\/p>\n<p><strong>Bitola:<\/strong> M14<br \/><strong>Rosca:<\/strong> 1,5<br \/><strong>Comprimento Total:<\/strong> 19 mm<br \/><strong>Chave:<\/strong> 19<br \/><strong>Acabamento:<\/strong> Zincado<br \/><strong>Quantidade no Jogo:<\/strong> 5 pe\u00e7as<\/p>\n<p><strong>Aten\u00e7\u00e3o: O jogo de porcas n\u00e3o acompanha a chave!<\/strong><\/p>\n","protected":false},"featured_media":23346,"comment_status":"open","ping_status":"closed","template":"","meta":[],"product_cat":[714,718],"product_tag":[],"class_list":{"0":"post-19764","1":"product","2":"type-product","3":"status-publish","4":"has-post-thumbnail","6":"product_cat-porcas","7":"product_cat-porcas-zincadas","9":"first","10":"instock","11":"taxable","12":"shipping-taxable","13":"purchasable","14":"product-type-simple"},"_links":{"self":[{"href":"https:\/\/emblemax.com.br\/es\/wp-json\/wp\/v2\/product\/19764","targetHints":{"allow":["GET"]}}],"collection":[{"href":"https:\/\/emblemax.com.br\/es\/wp-json\/wp\/v2\/product"}],"about":[{"href":"https:\/\/emblemax.com.br\/es\/wp-json\/wp\/v2\/types\/product"}],"replies":[{"embeddable":true,"href":"https:\/\/emblemax.com.br\/es\/wp-json\/wp\/v2\/comments?post=19764"}],"wp:featuredmedia":[{"embeddable":true,"href":"https:\/\/emblemax.com.br\/es\/wp-json\/wp\/v2\/media\/23346"}],"wp:attachment":[{"href":"https:\/\/emblemax.com.br\/es\/wp-json\/wp\/v2\/media?parent=19764"}],"wp:term":[{"taxonomy":"product_cat","embeddable":true,"href":"https:\/\/emblemax.com.br\/es\/wp-json\/wp\/v2\/product_cat?post=19764"},{"taxonomy":"product_tag","embeddable":true,"href":"https:\/\/emblemax.com.br\/es\/wp-json\/wp\/v2\/product_tag?post=19764"}],"curies":[{"name":"wp","href":"https:\/\/api.w.org\/{rel}","templated":true}]}}