{"id":19836,"date":"2024-11-22T12:26:15","date_gmt":"2024-11-22T15:26:15","guid":{"rendered":"https:\/\/emblemax.com.br\/produto\/porca-cromada-nissan-para-roda-de-ferro-m12x125-16-pcs\/"},"modified":"2025-04-10T14:04:49","modified_gmt":"2025-04-10T17:04:49","slug":"porca-cromada-nissan-para-roda-de-ferro-m12x125-16-pcs","status":"publish","type":"product","link":"https:\/\/emblemax.com.br\/es\/produto\/porca-cromada-nissan-para-roda-de-ferro-m12x125-16-pcs\/","title":{"rendered":"PORCA CROMADA PARA RODA DE FERRO NISSAN M12X1,25 (16 PCS)"},"content":{"rendered":"<p>Eleve a seguran\u00e7a do seu ve\u00edculo com nossas porcas de alta qualidade, projetadas para garantir um encaixe perfeito e duradouro, mantendo suas rodas firmes e est\u00e1veis em todas as estradas.<\/p>\n","protected":false},"excerpt":{"rendered":"<p>Especifica\u00e7\u00f5es do Produto:<\/p>\n<p>Bitola: M12 mm<br \/>\nRosca: 1,25 mm<br \/>\nChave: 21mm<br \/>\nComprimento Total: 30mm<br \/>\nAcabamento: Cromado<br \/>\nQuantidade no Jogo: 16 pe\u00e7as<br \/>\n(Para Rodas de Ferro)<\/p>\n<p>Aplica\u00e7\u00e3o: Nissan<\/p>\n<p>Aten\u00e7\u00e3o: O jogo de porcas n\u00e3o acompanha a chave!<\/p>\n","protected":false},"featured_media":24556,"comment_status":"open","ping_status":"closed","template":"","meta":[],"product_cat":[714,717],"product_tag":[],"class_list":{"0":"post-19836","1":"product","2":"type-product","3":"status-publish","4":"has-post-thumbnail","6":"product_cat-porcas","7":"product_cat-porcas-cromadas","9":"first","10":"instock","11":"taxable","12":"shipping-taxable","13":"purchasable","14":"product-type-simple"},"_links":{"self":[{"href":"https:\/\/emblemax.com.br\/es\/wp-json\/wp\/v2\/product\/19836","targetHints":{"allow":["GET"]}}],"collection":[{"href":"https:\/\/emblemax.com.br\/es\/wp-json\/wp\/v2\/product"}],"about":[{"href":"https:\/\/emblemax.com.br\/es\/wp-json\/wp\/v2\/types\/product"}],"replies":[{"embeddable":true,"href":"https:\/\/emblemax.com.br\/es\/wp-json\/wp\/v2\/comments?post=19836"}],"wp:featuredmedia":[{"embeddable":true,"href":"https:\/\/emblemax.com.br\/es\/wp-json\/wp\/v2\/media\/24556"}],"wp:attachment":[{"href":"https:\/\/emblemax.com.br\/es\/wp-json\/wp\/v2\/media?parent=19836"}],"wp:term":[{"taxonomy":"product_cat","embeddable":true,"href":"https:\/\/emblemax.com.br\/es\/wp-json\/wp\/v2\/product_cat?post=19836"},{"taxonomy":"product_tag","embeddable":true,"href":"https:\/\/emblemax.com.br\/es\/wp-json\/wp\/v2\/product_tag?post=19836"}],"curies":[{"name":"wp","href":"https:\/\/api.w.org\/{rel}","templated":true}]}}