{"id":19866,"date":"2024-11-22T12:26:40","date_gmt":"2024-11-22T15:26:40","guid":{"rendered":"https:\/\/emblemax.com.br\/produto\/porca-cromada-hd-gm-fd-vw-chr-ch19-m12x15-20-pcs\/"},"modified":"2025-04-10T14:15:58","modified_gmt":"2025-04-10T17:15:58","slug":"porca-cromada-hd-gm-fd-vw-chr-ch19-m12x15-20-pcs","status":"publish","type":"product","link":"https:\/\/emblemax.com.br\/es\/produto\/porca-cromada-hd-gm-fd-vw-chr-ch19-m12x15-20-pcs\/","title":{"rendered":"PORCA CROMADA PARA RODA HD\/CRV\/GM\/FORD\/CHERY\/FUSION (20P\u00c7S)"},"content":{"rendered":"<p>Eleve a seguran\u00e7a do seu ve\u00edculo com nossas porcas de alta qualidade, projetadas para garantir um encaixe perfeito e duradouro, mantendo suas rodas firmes e est\u00e1veis em todas as estradas.<\/p>\n","protected":false},"excerpt":{"rendered":"<p>Especifica\u00e7\u00f5es do Produto:<\/p>\n<p>Bitola: M12<br \/>\nRosca: 1,5<br \/>\nComprimento Total: 35 mm<br \/>\nComprimento da Rosca: 30 mm<br \/>\nChave: 19mm<br \/>\nAssentamento: C\u00f4nica<br \/>\nAcabamento: Cromado<br \/>\nQuantidade no Jogo: 20 pe\u00e7as<\/p>\n<p>Aplica\u00e7\u00e3o:\u00a0Opala novo \/ S10 \/ Spin \/ City \/ Civic \/ CR-V \/ HR-V \/ CRV<\/p>\n<p><strong>Aten\u00e7\u00e3o: O jogo de porcas n\u00e3o acompanha a chave!<\/strong><\/p>\n","protected":false},"featured_media":24971,"comment_status":"open","ping_status":"closed","template":"","meta":[],"product_cat":[714,717],"product_tag":[],"class_list":{"0":"post-19866","1":"product","2":"type-product","3":"status-publish","4":"has-post-thumbnail","6":"product_cat-porcas","7":"product_cat-porcas-cromadas","9":"first","10":"instock","11":"taxable","12":"shipping-taxable","13":"purchasable","14":"product-type-simple"},"_links":{"self":[{"href":"https:\/\/emblemax.com.br\/es\/wp-json\/wp\/v2\/product\/19866","targetHints":{"allow":["GET"]}}],"collection":[{"href":"https:\/\/emblemax.com.br\/es\/wp-json\/wp\/v2\/product"}],"about":[{"href":"https:\/\/emblemax.com.br\/es\/wp-json\/wp\/v2\/types\/product"}],"replies":[{"embeddable":true,"href":"https:\/\/emblemax.com.br\/es\/wp-json\/wp\/v2\/comments?post=19866"}],"wp:featuredmedia":[{"embeddable":true,"href":"https:\/\/emblemax.com.br\/es\/wp-json\/wp\/v2\/media\/24971"}],"wp:attachment":[{"href":"https:\/\/emblemax.com.br\/es\/wp-json\/wp\/v2\/media?parent=19866"}],"wp:term":[{"taxonomy":"product_cat","embeddable":true,"href":"https:\/\/emblemax.com.br\/es\/wp-json\/wp\/v2\/product_cat?post=19866"},{"taxonomy":"product_tag","embeddable":true,"href":"https:\/\/emblemax.com.br\/es\/wp-json\/wp\/v2\/product_tag?post=19866"}],"curies":[{"name":"wp","href":"https:\/\/api.w.org\/{rel}","templated":true}]}}