{"id":19946,"date":"2024-11-22T12:28:05","date_gmt":"2024-11-22T15:28:05","guid":{"rendered":"https:\/\/emblemax.com.br\/produto\/porca-cromada-land-rover-c-arruela-ch21-m14x15-20-pcs\/"},"modified":"2025-01-21T15:45:55","modified_gmt":"2025-01-21T18:45:55","slug":"porca-cromada-land-rover-c-arruela-ch21-m14x15-20-pcs","status":"publish","type":"product","link":"https:\/\/emblemax.com.br\/es\/produto\/porca-cromada-land-rover-c-arruela-ch21-m14x15-20-pcs\/","title":{"rendered":"PORCA CROMADA PARA RODA LAND ROVER COM ARRUELA(20 P\u00c7S)"},"content":{"rendered":"<p>Eleve a seguran\u00e7a do seu ve\u00edculo com nossas porcas de alta qualidade, projetadas para garantir um encaixe perfeito e duradouro, mantendo suas rodas firmes e est\u00e1veis em todas as estradas.<\/p>\n","protected":false},"excerpt":{"rendered":"<p><strong>Especifica\u00e7\u00f5es do Produto:<\/strong><\/p>\n<p><strong>Bitola:<\/strong> M14<br \/>\n<strong>Rosca:<\/strong> 1,50 mm<br \/>\n<strong>Comprimento total:<\/strong> 35 mm<br \/>\n<strong>Comprimento da rosca:<\/strong> 30 mm<br \/>\n<strong>Chave:<\/strong> 21 mm<br \/>\n<strong>Acabamento:<\/strong> Cromado<br \/>\n<strong>Quantidade no jogo:<\/strong> 20 pe\u00e7as<br \/>\n<strong>Aplica\u00e7\u00e3o:<\/strong>\u00a0LAND ROVER COM ARRUELA<\/p>\n<p><strong>Aten\u00e7\u00e3o:<\/strong> <strong>O jogo de porcas n\u00e3o acompanha a chave!<\/strong><\/p>\n","protected":false},"featured_media":24901,"comment_status":"open","ping_status":"closed","template":"","meta":[],"product_cat":[714,717],"product_tag":[],"class_list":{"0":"post-19946","1":"product","2":"type-product","3":"status-publish","4":"has-post-thumbnail","6":"product_cat-porcas","7":"product_cat-porcas-cromadas","9":"first","10":"instock","11":"taxable","12":"shipping-taxable","13":"purchasable","14":"product-type-simple"},"_links":{"self":[{"href":"https:\/\/emblemax.com.br\/es\/wp-json\/wp\/v2\/product\/19946","targetHints":{"allow":["GET"]}}],"collection":[{"href":"https:\/\/emblemax.com.br\/es\/wp-json\/wp\/v2\/product"}],"about":[{"href":"https:\/\/emblemax.com.br\/es\/wp-json\/wp\/v2\/types\/product"}],"replies":[{"embeddable":true,"href":"https:\/\/emblemax.com.br\/es\/wp-json\/wp\/v2\/comments?post=19946"}],"wp:featuredmedia":[{"embeddable":true,"href":"https:\/\/emblemax.com.br\/es\/wp-json\/wp\/v2\/media\/24901"}],"wp:attachment":[{"href":"https:\/\/emblemax.com.br\/es\/wp-json\/wp\/v2\/media?parent=19946"}],"wp:term":[{"taxonomy":"product_cat","embeddable":true,"href":"https:\/\/emblemax.com.br\/es\/wp-json\/wp\/v2\/product_cat?post=19946"},{"taxonomy":"product_tag","embeddable":true,"href":"https:\/\/emblemax.com.br\/es\/wp-json\/wp\/v2\/product_tag?post=19946"}],"curies":[{"name":"wp","href":"https:\/\/api.w.org\/{rel}","templated":true}]}}