{"id":19962,"date":"2024-11-22T12:28:21","date_gmt":"2024-11-22T15:28:21","guid":{"rendered":"https:\/\/emblemax.com.br\/produto\/porca-black-ty-gm-hy-kia-mts-ch21-m12x15-24-pcs\/"},"modified":"2026-01-22T11:29:19","modified_gmt":"2026-01-22T14:29:19","slug":"porca-black-ty-gm-hy-kia-mts-ch21-m12x15-24-pcs","status":"publish","type":"product","link":"https:\/\/emblemax.com.br\/es\/produto\/porca-black-ty-gm-hy-kia-mts-ch21-m12x15-24-pcs\/","title":{"rendered":"PORCA PARA RODA BLACK CH21 M12X1,5 (24 P\u00c7S)"},"content":{"rendered":"<p>Eleve a seguran\u00e7a do seu ve\u00edculo com nossas porcas de alta qualidade, projetadas para garantir um encaixe perfeito e duradouro, mantendo suas rodas firmes e est\u00e1veis em todas as estradas.<\/p>\n","protected":false},"excerpt":{"rendered":"<p>Bitola: (Di\u00e2metro da rosca) M12<\/p>\n<p>Rosca: 1,50mm<\/p>\n<p>Comprimento total: 36mm<\/p>\n<p>Comprimento da rosca: 31mm<\/p>\n<p>Chave: 21mm<\/p>\n<p>Acabamento: black<\/p>\n<p>Jogo: 24 pe\u00e7as<\/p>\n<p>Aplica\u00e7\u00e3o: Toyota &#8211; GM &#8211; Hy &#8211; Kia &#8211; Mts<\/p>\n<p>&#8211; Antes de clicar em comprar verificar a fura\u00e7\u00e3o da roda.<\/p>\n","protected":false},"featured_media":23442,"comment_status":"open","ping_status":"closed","template":"","meta":[],"product_cat":[714,715],"product_tag":[],"class_list":{"0":"post-19962","1":"product","2":"type-product","3":"status-publish","4":"has-post-thumbnail","6":"product_cat-porcas","7":"product_cat-porcas-black","9":"first","10":"outofstock","11":"taxable","12":"shipping-taxable","13":"purchasable","14":"product-type-simple"},"_links":{"self":[{"href":"https:\/\/emblemax.com.br\/es\/wp-json\/wp\/v2\/product\/19962","targetHints":{"allow":["GET"]}}],"collection":[{"href":"https:\/\/emblemax.com.br\/es\/wp-json\/wp\/v2\/product"}],"about":[{"href":"https:\/\/emblemax.com.br\/es\/wp-json\/wp\/v2\/types\/product"}],"replies":[{"embeddable":true,"href":"https:\/\/emblemax.com.br\/es\/wp-json\/wp\/v2\/comments?post=19962"}],"wp:featuredmedia":[{"embeddable":true,"href":"https:\/\/emblemax.com.br\/es\/wp-json\/wp\/v2\/media\/23442"}],"wp:attachment":[{"href":"https:\/\/emblemax.com.br\/es\/wp-json\/wp\/v2\/media?parent=19962"}],"wp:term":[{"taxonomy":"product_cat","embeddable":true,"href":"https:\/\/emblemax.com.br\/es\/wp-json\/wp\/v2\/product_cat?post=19962"},{"taxonomy":"product_tag","embeddable":true,"href":"https:\/\/emblemax.com.br\/es\/wp-json\/wp\/v2\/product_tag?post=19962"}],"curies":[{"name":"wp","href":"https:\/\/api.w.org\/{rel}","templated":true}]}}