{"id":20917,"date":"2024-11-25T15:25:54","date_gmt":"2024-11-25T18:25:54","guid":{"rendered":"https:\/\/emblemax.com.br\/produto\/prisioneiro-para-roda-tradeira-kombi-cliper-5-pcs\/"},"modified":"2025-12-01T15:53:07","modified_gmt":"2025-12-01T18:53:07","slug":"prisioneiro-para-roda-tradeira-kombi-cliper-5-pcs","status":"publish","type":"product","link":"https:\/\/emblemax.com.br\/es\/produto\/prisioneiro-para-roda-tradeira-kombi-cliper-5-pcs\/","title":{"rendered":"PRISIONEIRO PARA RODA TRADEIRA KOMBI CLIPER (5 P\u00c7S)"},"content":{"rendered":"<p>Prisioneiro para roda de carro, fixa\u00e7\u00e3o segura e dur\u00e1vel, essencial para a estabilidade do ve\u00edculo.<\/p>\n","protected":false},"excerpt":{"rendered":"<p><strong>Descri\u00e7\u00e3o do produto:<\/strong><\/p>\n<p>Medidas Aproximadas<br \/>\nBitola: M14<br \/>\nRosca: 1,50mm<br \/>\nComprimento total: 40mm<br \/>\nComprimento rosca: 22mm<br \/>\nAcabamento: zincado<\/p>\n<p>Quantidade no jogo: 5 pe\u00e7as<\/p>\n","protected":false},"featured_media":25897,"comment_status":"open","ping_status":"closed","template":"","meta":[],"product_cat":[680],"product_tag":[],"class_list":{"0":"post-20917","1":"product","2":"type-product","3":"status-publish","4":"has-post-thumbnail","6":"product_cat-prisioneiro","8":"first","9":"instock","10":"taxable","11":"shipping-taxable","12":"purchasable","13":"product-type-simple"},"_links":{"self":[{"href":"https:\/\/emblemax.com.br\/es\/wp-json\/wp\/v2\/product\/20917","targetHints":{"allow":["GET"]}}],"collection":[{"href":"https:\/\/emblemax.com.br\/es\/wp-json\/wp\/v2\/product"}],"about":[{"href":"https:\/\/emblemax.com.br\/es\/wp-json\/wp\/v2\/types\/product"}],"replies":[{"embeddable":true,"href":"https:\/\/emblemax.com.br\/es\/wp-json\/wp\/v2\/comments?post=20917"}],"wp:featuredmedia":[{"embeddable":true,"href":"https:\/\/emblemax.com.br\/es\/wp-json\/wp\/v2\/media\/25897"}],"wp:attachment":[{"href":"https:\/\/emblemax.com.br\/es\/wp-json\/wp\/v2\/media?parent=20917"}],"wp:term":[{"taxonomy":"product_cat","embeddable":true,"href":"https:\/\/emblemax.com.br\/es\/wp-json\/wp\/v2\/product_cat?post=20917"},{"taxonomy":"product_tag","embeddable":true,"href":"https:\/\/emblemax.com.br\/es\/wp-json\/wp\/v2\/product_tag?post=20917"}],"curies":[{"name":"wp","href":"https:\/\/api.w.org\/{rel}","templated":true}]}}