{"id":20983,"date":"2024-11-26T12:30:19","date_gmt":"2024-11-26T15:30:19","guid":{"rendered":"https:\/\/emblemax.com.br\/produto\/adaptador-5x8-volkswagen-4-pcs\/"},"modified":"2025-06-11T17:13:28","modified_gmt":"2025-06-11T20:13:28","slug":"adaptador-5x8-volkswagen-4-pcs","status":"publish","type":"product","link":"https:\/\/emblemax.com.br\/es\/produto\/adaptador-5x8-volkswagen-4-pcs\/","title":{"rendered":"ADAPTADOR 5X8 VOLKSWAGEN (4 P\u00c7S)"},"content":{"rendered":"<p>Conjunto com 4 adaptadores 5&#215;8, compat\u00edvel com ve\u00edculos Volkswagen, ideal para instala\u00e7\u00e3o de rodas com diferentes modelos.<\/p>\n","protected":false},"excerpt":{"rendered":"<p><strong>Caracter\u00edsticas:<\/strong><br \/>Adaptador de rodas para transformar a fura\u00e7\u00e3o Volkswagen Fusca Antigo 5&#215;200 para fura\u00e7\u00e3o Fusca Novo\/Bras\u00edlia 4&#215;130 ou 4&#215;100.<\/p>\n<p><strong>Compatibilidade: <\/strong><\/p>\n<p>Desenvolvido para ve\u00edculos VW, ideal para adapta\u00e7\u00e3o entre padr\u00f5es de fura\u00e7\u00e3o 5&#215;8 e PASSAT\/GOL\/VOYAGE.<\/p>\n<p><strong>Dimens\u00f5es:<\/strong><br \/>Altura: 20mm<br \/>Di\u00e2metro: 235mm<\/p>\n<p><strong>Material:<\/strong><\/p>\n<p>Alta resist\u00eancia, garantindo seguran\u00e7a e durabilidade.<\/p>\n","protected":false},"featured_media":20980,"comment_status":"open","ping_status":"closed","template":"","meta":[],"product_cat":[653],"product_tag":[],"class_list":{"0":"post-20983","1":"product","2":"type-product","3":"status-publish","4":"has-post-thumbnail","6":"product_cat-adaptador","8":"first","9":"outofstock","10":"taxable","11":"shipping-taxable","12":"purchasable","13":"product-type-simple"},"_links":{"self":[{"href":"https:\/\/emblemax.com.br\/es\/wp-json\/wp\/v2\/product\/20983","targetHints":{"allow":["GET"]}}],"collection":[{"href":"https:\/\/emblemax.com.br\/es\/wp-json\/wp\/v2\/product"}],"about":[{"href":"https:\/\/emblemax.com.br\/es\/wp-json\/wp\/v2\/types\/product"}],"replies":[{"embeddable":true,"href":"https:\/\/emblemax.com.br\/es\/wp-json\/wp\/v2\/comments?post=20983"}],"wp:featuredmedia":[{"embeddable":true,"href":"https:\/\/emblemax.com.br\/es\/wp-json\/wp\/v2\/media\/20980"}],"wp:attachment":[{"href":"https:\/\/emblemax.com.br\/es\/wp-json\/wp\/v2\/media?parent=20983"}],"wp:term":[{"taxonomy":"product_cat","embeddable":true,"href":"https:\/\/emblemax.com.br\/es\/wp-json\/wp\/v2\/product_cat?post=20983"},{"taxonomy":"product_tag","embeddable":true,"href":"https:\/\/emblemax.com.br\/es\/wp-json\/wp\/v2\/product_tag?post=20983"}],"curies":[{"name":"wp","href":"https:\/\/api.w.org\/{rel}","templated":true}]}}