{"id":21002,"date":"2024-11-26T13:12:28","date_gmt":"2024-11-26T16:12:28","guid":{"rendered":"https:\/\/emblemax.com.br\/produto\/adaptador-4x4-pgv-4-pcs\/"},"modified":"2025-06-11T17:14:40","modified_gmt":"2025-06-11T20:14:40","slug":"adaptador-4x4-pgv-4-pcs","status":"publish","type":"product","link":"https:\/\/emblemax.com.br\/es\/produto\/adaptador-4x4-pgv-4-pcs\/","title":{"rendered":"ADAPTADOR 4X4 PGV (4 P\u00c7S)"},"content":{"rendered":"<p>Conjunto com 4 adaptadores 4&#215;4, compat\u00edvel com Passat, Gol e Voyage, ideal para instala\u00e7\u00e3o de rodas<\/p>\n","protected":false},"excerpt":{"rendered":"<p>Adaptador de Rodas 4&#215;4\u00a0<br \/><strong>Di\u00e2metro:<\/strong> 170 mm<br \/><strong>Quantidade:<\/strong> 4 pe\u00e7as<\/p>\n","protected":false},"featured_media":20999,"comment_status":"open","ping_status":"closed","template":"","meta":[],"product_cat":[653],"product_tag":[],"class_list":{"0":"post-21002","1":"product","2":"type-product","3":"status-publish","4":"has-post-thumbnail","6":"product_cat-adaptador","8":"first","9":"instock","10":"taxable","11":"shipping-taxable","12":"purchasable","13":"product-type-simple"},"_links":{"self":[{"href":"https:\/\/emblemax.com.br\/es\/wp-json\/wp\/v2\/product\/21002","targetHints":{"allow":["GET"]}}],"collection":[{"href":"https:\/\/emblemax.com.br\/es\/wp-json\/wp\/v2\/product"}],"about":[{"href":"https:\/\/emblemax.com.br\/es\/wp-json\/wp\/v2\/types\/product"}],"replies":[{"embeddable":true,"href":"https:\/\/emblemax.com.br\/es\/wp-json\/wp\/v2\/comments?post=21002"}],"wp:featuredmedia":[{"embeddable":true,"href":"https:\/\/emblemax.com.br\/es\/wp-json\/wp\/v2\/media\/20999"}],"wp:attachment":[{"href":"https:\/\/emblemax.com.br\/es\/wp-json\/wp\/v2\/media?parent=21002"}],"wp:term":[{"taxonomy":"product_cat","embeddable":true,"href":"https:\/\/emblemax.com.br\/es\/wp-json\/wp\/v2\/product_cat?post=21002"},{"taxonomy":"product_tag","embeddable":true,"href":"https:\/\/emblemax.com.br\/es\/wp-json\/wp\/v2\/product_tag?post=21002"}],"curies":[{"name":"wp","href":"https:\/\/api.w.org\/{rel}","templated":true}]}}