{"id":22126,"date":"2024-12-02T15:30:57","date_gmt":"2024-12-02T18:30:57","guid":{"rendered":"https:\/\/emblemax.com.br\/produto\/porca-allen-ns-szk-fd-sb-m12x125-20-pcs\/"},"modified":"2025-01-20T17:23:11","modified_gmt":"2025-01-20T20:23:11","slug":"porca-allen-ns-szk-fd-sb-m12x125-20-pcs","status":"publish","type":"product","link":"https:\/\/emblemax.com.br\/es\/produto\/porca-allen-ns-szk-fd-sb-m12x125-20-pcs\/","title":{"rendered":"PORCA ALLEN NS\/SZK\/FD\/SB M12X1,25 (20 P\u00c7S)"},"content":{"rendered":"<p>Eleve a seguran\u00e7a do seu ve\u00edculo com nossas porcas de alta qualidade, projetadas para garantir um encaixe perfeito e duradouro, mantendo suas rodas firmes e est\u00e1veis em todas as estradas.<\/p>\n","protected":false},"excerpt":{"rendered":"<p>Bitola: M12\u00a0<\/p>\n<p>\u00a0<\/p>\n<p>Rosca: 1,25mm\u00a0\u00a0<\/p>\n<p>\u00a0<\/p>\n<p>Comprimento total: 31mm\u00a0\u00a0<\/p>\n<p>\u00a0<\/p>\n<p>Comprimento da rosca: 18mm\u00a0\u00a0<\/p>\n<p>\u00a0<\/p>\n<p>Chave: 17\/19mm\u00a0\u00a0<\/p>\n<p>\u00a0<\/p>\n<p>Acabamento: cromado\u00a0\u00a0<\/p>\n<p>\u00a0<\/p>\n<p>Jogo: 20 pe\u00e7as + 2 chaves<\/p>\n","protected":false},"featured_media":22945,"comment_status":"open","ping_status":"closed","template":"","meta":[],"product_cat":[714,716],"product_tag":[],"class_list":{"0":"post-22126","1":"product","2":"type-product","3":"status-publish","4":"has-post-thumbnail","6":"product_cat-porcas","7":"product_cat-porcas-allen","9":"first","10":"instock","11":"taxable","12":"shipping-taxable","13":"purchasable","14":"product-type-simple"},"_links":{"self":[{"href":"https:\/\/emblemax.com.br\/es\/wp-json\/wp\/v2\/product\/22126","targetHints":{"allow":["GET"]}}],"collection":[{"href":"https:\/\/emblemax.com.br\/es\/wp-json\/wp\/v2\/product"}],"about":[{"href":"https:\/\/emblemax.com.br\/es\/wp-json\/wp\/v2\/types\/product"}],"replies":[{"embeddable":true,"href":"https:\/\/emblemax.com.br\/es\/wp-json\/wp\/v2\/comments?post=22126"}],"wp:featuredmedia":[{"embeddable":true,"href":"https:\/\/emblemax.com.br\/es\/wp-json\/wp\/v2\/media\/22945"}],"wp:attachment":[{"href":"https:\/\/emblemax.com.br\/es\/wp-json\/wp\/v2\/media?parent=22126"}],"wp:term":[{"taxonomy":"product_cat","embeddable":true,"href":"https:\/\/emblemax.com.br\/es\/wp-json\/wp\/v2\/product_cat?post=22126"},{"taxonomy":"product_tag","embeddable":true,"href":"https:\/\/emblemax.com.br\/es\/wp-json\/wp\/v2\/product_tag?post=22126"}],"curies":[{"name":"wp","href":"https:\/\/api.w.org\/{rel}","templated":true}]}}