{"id":22199,"date":"2024-12-02T15:32:33","date_gmt":"2024-12-02T18:32:33","guid":{"rendered":"https:\/\/emblemax.com.br\/produto\/porca-allen-hy-kia-ty-mts-m12x15-20-pcs\/"},"modified":"2025-04-11T21:46:08","modified_gmt":"2025-04-12T00:46:08","slug":"porca-allen-hy-kia-ty-mts-m12x15-20-pcs","status":"publish","type":"product","link":"https:\/\/emblemax.com.br\/es\/produto\/porca-allen-hy-kia-ty-mts-m12x15-20-pcs\/","title":{"rendered":"PORCA ALLEN HY\/KIA\/TY\/MTS M12X1,5 (20 P\u00c7S)"},"content":{"rendered":"<p>Eleve a seguran\u00e7a do seu ve\u00edculo com nossas porcas de alta qualidade, projetadas para garantir um encaixe perfeito e duradouro, mantendo suas rodas firmes e est\u00e1veis em todas as estradas.<\/p>\n","protected":false},"excerpt":{"rendered":"<p>Bitola: M12<\/p>\n<p>Rosca: 1,50mm<\/p>\n<p>Comprimento total: 31mm<\/p>\n<p>Comprimento da rosca: 18mm<\/p>\n<p>Chave: 17\/19mm<\/p>\n<p>Acabamento: cromado<\/p>\n<p>Jogo: 20 pe\u00e7as + 2 chaves<\/p>\n","protected":false},"featured_media":23014,"comment_status":"open","ping_status":"closed","template":"","meta":[],"product_cat":[714,716],"product_tag":[],"class_list":{"0":"post-22199","1":"product","2":"type-product","3":"status-publish","4":"has-post-thumbnail","6":"product_cat-porcas","7":"product_cat-porcas-allen","9":"first","10":"instock","11":"taxable","12":"shipping-taxable","13":"purchasable","14":"product-type-simple"},"_links":{"self":[{"href":"https:\/\/emblemax.com.br\/es\/wp-json\/wp\/v2\/product\/22199","targetHints":{"allow":["GET"]}}],"collection":[{"href":"https:\/\/emblemax.com.br\/es\/wp-json\/wp\/v2\/product"}],"about":[{"href":"https:\/\/emblemax.com.br\/es\/wp-json\/wp\/v2\/types\/product"}],"replies":[{"embeddable":true,"href":"https:\/\/emblemax.com.br\/es\/wp-json\/wp\/v2\/comments?post=22199"}],"wp:featuredmedia":[{"embeddable":true,"href":"https:\/\/emblemax.com.br\/es\/wp-json\/wp\/v2\/media\/23014"}],"wp:attachment":[{"href":"https:\/\/emblemax.com.br\/es\/wp-json\/wp\/v2\/media?parent=22199"}],"wp:term":[{"taxonomy":"product_cat","embeddable":true,"href":"https:\/\/emblemax.com.br\/es\/wp-json\/wp\/v2\/product_cat?post=22199"},{"taxonomy":"product_tag","embeddable":true,"href":"https:\/\/emblemax.com.br\/es\/wp-json\/wp\/v2\/product_tag?post=22199"}],"curies":[{"name":"wp","href":"https:\/\/api.w.org\/{rel}","templated":true}]}}